{"id":13184,"date":"2021-08-19T01:12:00","date_gmt":"2021-08-19T00:12:00","guid":{"rendered":"https:\/\/www.uzlateholva.cz\/schutz-personenbezogener-daten\/"},"modified":"2024-04-01T05:19:00","modified_gmt":"2024-04-01T04:19:00","slug":"schutz-personenbezogener-daten","status":"publish","type":"page","link":"https:\/\/www.uzlateholva.cz\/de\/schutz-personenbezogener-daten\/","title":{"rendered":"Schutz personenbezogener Daten"},"content":{"rendered":"\t\t<div data-elementor-type=\"wp-page\" data-elementor-id=\"13184\" class=\"elementor elementor-13184 elementor-3435\">\n\t\t\t\t<div class=\"elementor-element elementor-element-4c5a3a91 e-flex e-con-boxed e-con e-parent\" data-id=\"4c5a3a91\" data-element_type=\"container\" data-e-type=\"container\">\n\t\t\t\t\t<div class=\"e-con-inner\">\n\t\t\t\t<div class=\"elementor-element elementor-element-125e1cc0 elementor-widget elementor-widget-text-editor\" data-id=\"125e1cc0\" data-element_type=\"widget\" data-e-type=\"widget\" data-widget_type=\"text-editor.default\">\n\t\t\t\t<div class=\"elementor-widget-container\">\n\t\t\t\t\t\t\t\t\t\n<h3>INFORMATIONEN \u00dcBER DIE VERARBEITUNG UND DEN SCHUTZ VON PERSONENBEZOGENEN DATEN<\/h3>\n<p><span class=\"s1\">Mit Wirkung vom 25. Mai 2018 unterliegt die Verarbeitung personenbezogener Daten von Kunden des Hotels U Zlat\u00e9ho lva der Verordnung (EU) 2016\/679 des Europ\u00e4ischen Parlaments und des Rates vom 27. April 2016 zum Schutz nat\u00fcrlicher Personen bei der Verarbeitung personenbezogener Daten und zum freien Datenverkehr und zur Aufhebung der Richtlinie 95\/46\/EG (Allgemeine Datenschutzverordnung),  <\/span><strong><span class=\"s2\">genannt. GDPR<\/span><\/strong><span class=\"s1\">. In diesem Zusammenhang stellen wir Ihnen die folgenden Informationen \u00fcber die Verarbeitung und den Schutz personenbezogener Daten zur Verf\u00fcgung.<\/span><\/p>\n<p> <\/p>\n\n<h3>Verantwortlicher f\u00fcr personenbezogene Daten<\/h3>\n\n<p>Der Inhaber der personenbezogenen Daten der Klienten des Hotels U Zlat\u00e9ho lva, an der Adresse Havl\u00ed\u010dkovo n\u00e1m\u011bst\u00ed 176, 580 01 Havl\u00ed\u010dk\u016fv Brod (im Folgenden Hotel genannt) ist die Gesellschaft Petrkov, s.r.o., ID-Nr.: 07213107, mit Sitz in Havl\u00ed\u010dkovo n\u00e1m\u011bst\u00ed 176, 580 01 Havl\u00ed\u010dk\u016fv Brod, eingetragen im Handelsregister des Bezirksgerichts in Hradec Kr\u00e1lov\u00e9, Abteilung C, Einlage 41945 (im Folgenden Inhaber genannt), die der Betreiber des Hotels ist.<\/p>\n<p> <\/p>\n\n<h3>Welche personenbezogenen Daten wir verarbeiten<\/h3>\n\n<p>Zu den personenbezogenen Daten, die wir \u00fcber die Kunden des Hotels verarbeiten und deren Umfang je nach Art und Umfang der erbrachten Dienstleistungen variiert, geh\u00f6ren:<\/p>\n<ul style=\"list-style-type: disc;\">\n<li style=\"list-style-type: none;\">\n<ul style=\"list-style-type: disc;\">\n<li style=\"list-style-type: none;\">\n<ul>\n<li>Vor- und Nachname, Titel<\/li>\n<li>Geburtsdatum<\/li>\n<li>Nationalit\u00e4t<\/li>\n<li>Wohnadresse<\/li>\n<li>Reisedokumentennummer<\/li>\n<li>Visumnummer, falls im Reisedokument angegeben<\/li>\n<li>Dauer des Aufenthalts<\/li>\n<li>Zweck des Aufenthalts in der Tschechischen Republik<\/li>\n<li>E-Mail<\/li>\n<li>Rufnummer<\/li>\n<li>Art, Nummer und Verfallsdatum der Zahlungskarte<\/li>\n<li>das amtliche Kennzeichen des Kraftfahrzeugs<\/li>\n<li>CCTV-Filmmaterial<\/li>\n<li>sonstige Daten, wenn dies im Zusammenhang mit der Erbringung von Dienstleistungen durch den f\u00fcr die Verarbeitung Verantwortlichen erforderlich ist.<\/li>\n<\/ul>\n<\/li>\n<\/ul>\n<\/li>\n<\/ul>\n<p>Wir erhalten personenbezogene Daten direkt vom Kunden bzw. vom Beherbergungsbetrieb bei Abschluss des Beherbergungsvertrags. Beherbergungsvertrag und w\u00e4hrend des Vertragsverh\u00e4ltnisses. Die Angabe von personenbezogenen Daten ist freiwillig. Wenn der Kunde sich daf\u00fcr entscheidet, uns seine pers\u00f6nlichen Daten nicht mitzuteilen, ist es nicht m\u00f6glich, einen Vertrag \u00fcber die Reservierung einer Unterkunft abzuschlie\u00dfen. Beherbergungsvertrag.<\/p>\n<p>Bei der Verarbeitung der personenbezogenen Daten der Kunden des Hotels findet keine automatisierte Entscheidungsfindung statt.<\/p>\n<p>Um die Sicherheit und Vertraulichkeit personenbezogener Daten zu gew\u00e4hrleisten, die f\u00fcr uns von gro\u00dfer Bedeutung sind, setzen wir technische und organisatorische Ma\u00dfnahmen zum Schutz vor unbefugtem Zugriff und Missbrauch personenbezogener Daten ein, einschlie\u00dflich der Gew\u00e4hrleistung einer ausreichenden Sicherheit der IT-Systeme. Alle Ma\u00dfnahmen werden regelm\u00e4\u00dfig bewertet und aktualisiert.<\/p>\n<p> <\/p>\n<ul style=\"list-style-type: disc;\">\n<li style=\"list-style-type: none;\">\n<ul style=\"list-style-type: disc;\"><\/ul>\n<\/li>\n<\/ul>\n<h3>Zweck der Verarbeitung und Rechtsgrundlage f\u00fcr die Verarbeitung personenbezogener Daten<\/h3>\n<h3>Wir verarbeiten die personenbezogenen Daten der Kunden des Hotels zu folgenden Zwecken:<\/h3>\n<ul style=\"list-style-type: disc;\">\n<li style=\"list-style-type: none;\">\n<ul style=\"list-style-type: disc;\">\n<li style=\"list-style-type: none;\">\n<ul>\n<li>Erbringung von Dienstleistungen auf der Grundlage eines abgeschlossenen Beherbergungsvertrags bzw. Vertr\u00e4ge \u00fcber die Unterbringung im Hotel, d. h. insbesondere zum Zwecke des Vertragsabschlusses, der Verwaltung des Vertragsverh\u00e4ltnisses und der Kommunikation mit dem Kunden. In diesem Fall ist die Rechtsgrundlage, die es uns erlaubt, die personenbezogenen Daten der Kunden zu verarbeiten, die Tatsache, dass die Verarbeitung der personenbezogenen Daten f\u00fcr den Abschluss oder die Erf\u00fcllung eines Vertrags mit den Kunden erforderlich ist.<\/li>\n<li>die Erf\u00fcllung rechtlicher Verpflichtungen, d.h. insbesondere zum Zweck der F\u00fchrung des Wohnungsregisters und der Anmeldung der Unterkunft eines Ausl\u00e4nders im Sinne der Rechtsvorschriften \u00fcber den Aufenthalt von Ausl\u00e4ndern in der Tschechischen Republik. Die Rechtsgrundlage, die uns die Verarbeitung personenbezogener Daten in diesem Fall erlaubt, ist die Tatsache, dass die Verarbeitung der personenbezogenen Daten der Kunden erforderlich ist, um einer rechtlichen Verpflichtung nachzukommen, der wir als f\u00fcr die Datenverarbeitung Verantwortlicher unterliegen.<\/li>\n<li>Wahrung der berechtigten Interessen des Verwalters und des Hotels, d. h. insbesondere zur Beurteilung, Geltendmachung und Durchsetzung von Rechtsanspr\u00fcchen, zum Schutz der Rechte, des Eigentums oder der Sicherheit des Verwalters, des Hotels, ihrer anderen Kunden oder anderer Personen. Die Rechtsgrundlage, die uns die Verarbeitung personenbezogener Daten erlaubt, ist in diesem Fall die Tatsache, dass die Verarbeitung personenbezogener Daten zur Wahrung der berechtigten Interessen des f\u00fcr die Verarbeitung Verantwortlichen als Inhaber der personenbezogenen Daten erforderlich ist.<\/li>\n<li>Marketing und Zusendung von Marketingmitteilungen und kommerziellen Angeboten oder Frageb\u00f6gen zur Verbesserung der Dienstleistungen &#8211; wenn der Kunde seine Zustimmung zum Direktmarketing gegeben hat. Die Rechtsgrundlage, die uns die Verarbeitung personenbezogener Daten in diesem Fall erlaubt, ist die Tatsache, dass der Kunde uns eine widerrufliche Einwilligung zur Verarbeitung personenbezogener Daten zu diesem Zweck erteilt hat.<\/li>\n<\/ul>\n<\/li>\n<\/ul>\n<\/li>\n<\/ul>\n<h2> <\/h2>\n<h3>Empf\u00e4nger, an die wir personenbezogene Daten von Kunden weitergeben k\u00f6nnen<\/h3>\n<ul style=\"list-style-type: disc;\">\n<li style=\"list-style-type: none;\">\n<ul style=\"list-style-type: disc;\"><\/ul>\n<\/li>\n<\/ul>\n<p>Um den ordnungsgem\u00e4\u00dfen Betrieb des Hotels, die Erbringung von Dienstleistungen und die Erf\u00fcllung unserer vertraglichen Verpflichtungen zu gew\u00e4hrleisten, nehmen wir die professionellen und spezialisierten Dienstleistungen anderer Unternehmen in Anspruch, z. B. Anbieter von Verpflegungsdienstleistungen, IT-Dienstleistungen, Buchhalter, Wirtschaftspr\u00fcfer und andere Unternehmen, die ihre Dienste zur Gew\u00e4hrleistung des Hotelbetriebs anbieten. Soweit diese Stellen personenbezogene Daten der Kunden des Hotels verarbeiten, die ihnen von dem f\u00fcr die Verarbeitung Verantwortlichen zur Verf\u00fcgung gestellt wurden, haben sie den Status von Verarbeitern personenbezogener Daten und verarbeiten diese nur im Rahmen der Weisungen des f\u00fcr die Verarbeitung Verantwortlichen und k\u00f6nnen sie nicht anderweitig verwenden. Jede dieser Einrichtungen hat strenge Verpflichtungen zum Schutz und zur Sicherheit personenbezogener Daten.<\/p>\n<h2> <\/h2>\n<h3>Der Zeitraum, in dem wir personenbezogene Daten verarbeiten<\/h3>\n<ul style=\"list-style-type: disc;\">\n<li style=\"list-style-type: none;\">\n<ul style=\"list-style-type: disc;\"><\/ul>\n<\/li>\n<\/ul>\n<p>Wir bewahren die personenbezogenen Daten unserer Kunden nur so lange auf, wie einer der oben genannten Verarbeitungszwecke andauert, d. h. insbesondere f\u00fcr die Dauer des Vertrags und f\u00fcr die Dauer der Einwilligung des Kunden in die Verarbeitung personenbezogener Daten. Nach Beendigung des Vertragsverh\u00e4ltnisses oder nach Widerruf der Einwilligung des Kunden bewahren wir personenbezogene Daten nur so lange und unter den Bedingungen auf, wie es das Gesetz gem\u00e4\u00df den allgemeinen Verj\u00e4hrungs-, Archivierungs- und Schredderfristen vorsieht.<\/p>\n<ul style=\"list-style-type: disc;\">\n<li style=\"list-style-type: none;\">\n<ul style=\"list-style-type: disc;\"><\/ul>\n<\/li>\n<\/ul>\n<p> <\/p>\n<h3>Verwendung von Cookies<\/h3>\n<p>Cookies sind Textdateien, die kleine Mengen von Informationen enthalten und auf Ihr Ger\u00e4t heruntergeladen werden, wenn Sie unsere Website besuchen. Die Cookies werden dann bei jedem weiteren Besuch an die Website oder eine andere Website, die sie erkennt, zur\u00fcckgeschickt.<\/p>\n<p>Cookies erf\u00fcllen eine Reihe von Aufgaben, z. B. erm\u00f6glichen sie Ihnen ein effizientes Navigieren zwischen Websites, speichern Ihre Pr\u00e4ferenzen und verbessern allgemein die Benutzerfreundlichkeit. Sie k\u00f6nnen auch sicherstellen, dass die Anzeigen, die Sie online sehen, besser auf Ihre Pers\u00f6nlichkeit und Ihre Interessen zugeschnitten sind.<\/p>\n<p>Wir verwenden die folgenden Cookies auf der Website:<\/p>\n<ul>\n<li>\n<p><strong>Notwendige Cookies<\/strong>: Diese sind f\u00fcr den Betrieb der Website erforderlich, z. B. um Ihnen die Anmeldung in sicheren Bereichen der Website und andere grundlegende Funktionen der Website zu erm\u00f6glichen. Diese Kategorie von Cookies kann nicht deaktiviert werden.<\/p>\n<\/li>\n<\/ul>\n<p>Weitere Informationen zu Cookies und die aktuelle Liste der Cookies finden Sie in den einzelnen Webbrowsern, meist unter Entwicklertools.<\/p>\n<p>Die Zustimmung kann \u00fcber ein Kontrollk\u00e4stchen in der so genannten &#8220;Einwilligungserkl\u00e4rung&#8221; erteilt werden. Keksriegel. Sie k\u00f6nnen in den Einstellungen Ihres Browsers auch die Verwendung von Cookies ablehnen oder nur einige von ihnen zulassen.<\/p>\n<p>Weitere Informationen zur Verwaltung von Cookies in einzelnen Browsern finden Sie unter den folgenden Links:<\/p>\n<ul>\n<li>Internet Explorer &#8211; https:\/\/support.microsoft.com\/cs-cz\/help\/17442\/windows-internet-explorer-delete-manage-cookies<\/li>\n<li>Google Chrome &#8211; https:\/\/support.google.com\/chrome\/answer\/95647?co=GENIE.Platform%3DDesktop&amp;hl=cs<\/li>\n<li>Firefox &#8211; https:\/\/support.mozilla.org\/cs\/kb\/povoleni-zakazani-cookies<\/li>\n<li>Safari &#8211; https:\/\/support.apple.com\/cs-cz\/guide\/safari\/sfri11471\/mac<\/li>\n<li>Oper &#8211; https:\/\/help.opera.com\/cs\/latest\/security-and-privacy\/<\/li>\n<li>\n<p>Microsoft Edge &#8211; https:\/\/docs.microsoft.com\/cs-cz\/sccm\/compliance\/deploy-use\/browser-profiles<\/p>\n<h2> <\/h2>\n<\/li>\n<\/ul>\n<h3>Kundenrechte im Zusammenhang mit der Verarbeitung personenbezogener Daten<\/h3>\n<ul style=\"list-style-type: disc;\">\n<li style=\"list-style-type: none;\">\n<ul style=\"list-style-type: disc;\"><\/ul>\n<\/li>\n<\/ul>\n<p>Im Zusammenhang mit der Verarbeitung von personenbezogenen Daten hat der Kunde:<\/p>\n<ul style=\"list-style-type: disc;\">\n<li style=\"list-style-type: none;\">\n<ul style=\"list-style-type: disc;\">\n<li style=\"list-style-type: none;\">\n<ul>\n<li>das Recht, in knapper, klarer, transparenter und verst\u00e4ndlicher Form dar\u00fcber informiert zu werden, wie ihre personenbezogenen Daten verarbeitet werden und welche Rechte sie in Bezug auf die Verarbeitung personenbezogener Daten haben;<\/li>\n<li>das Recht auf Zugang zu personenbezogenen Daten, einschlie\u00dflich des Rechts, eine Best\u00e4tigung dar\u00fcber zu erhalten, ob seine personenbezogenen Daten verarbeitet werden oder nicht, und das Recht, Informationen dar\u00fcber zu verlangen, welche personenbezogenen Daten verarbeitet werden;<\/li>\n<li>das Recht auf Berichtigung von unrichtigen und unvollst\u00e4ndigen personenbezogenen Daten<\/li>\n<li>das Recht auf L\u00f6schung personenbezogener Daten (das so genannte &#8220;Recht auf Vergessenwerden&#8221;), wenn:<\/li>\n<\/ul>\n<\/li>\n<\/ul>\n<\/li>\n<\/ul>\n<p>&#8211; die personenbezogenen Daten f\u00fcr die Zwecke, f\u00fcr die sie erhoben oder verarbeitet wurden, nicht mehr erforderlich sind;<br>&#8211; der Kunde hat seine Zustimmung zur Verarbeitung personenbezogener Daten zur\u00fcckgezogen;<br>&#8211; der Kunde hat der Verarbeitung seiner personenbezogenen Daten widersprochen und das berechtigte Interesse des f\u00fcr die Verarbeitung Verantwortlichen an der weiteren Verarbeitung seiner personenbezogenen Daten \u00fcberwiegt in diesem Fall nicht, oder Sie haben der Verarbeitung Ihrer personenbezogenen Daten zu Zwecken der Direktwerbung widersprochen;<br>&#8211; die personenbezogenen Daten unrechtm\u00e4\u00dfig verarbeitet wurden oder wenn die personenbezogenen Daten aufgrund des geltenden Rechts gel\u00f6scht werden m\u00fcssen;<\/p>\n<ul style=\"list-style-type: disc;\">\n<li style=\"list-style-type: none;\">\n<ul style=\"list-style-type: disc;\">\n<li style=\"list-style-type: none;\">\n<ul>\n<li>das Recht, die Verarbeitung personenbezogener Daten einzuschr\u00e4nken, wenn:<\/li>\n<\/ul>\n<\/li>\n<\/ul>\n<\/li>\n<\/ul>\n<p>&#8211; bestreitet die Richtigkeit der personenbezogenen Daten, bis ihre Richtigkeit \u00fcberpr\u00fcft ist;<br>&#8211; die Verarbeitung der personenbezogenen Daten unrechtm\u00e4\u00dfig ist und der Kunde anstelle der L\u00f6schung nur die Einschr\u00e4nkung der Verwendung der personenbezogenen Daten verlangt;<\/p>\n<p>&#8211; Der f\u00fcr die Verarbeitung Verantwortliche ben\u00f6tigt die personenbezogenen Daten des Kunden nicht mehr, aber der Kunde ben\u00f6tigt sie, um seine Rechtsanspr\u00fcche geltend zu machen;<\/p>\n<p>&#8211; der Kunde hat der Verarbeitung personenbezogener Daten f\u00fcr einen Zeitraum widersprochen, bis gepr\u00fcft wurde, ob die berechtigten Interessen des f\u00fcr die Verarbeitung Verantwortlichen die Interessen des Kunden \u00fcberwiegen.<\/p>\n<ul style=\"list-style-type: disc;\">\n<li style=\"list-style-type: none;\">\n<ul style=\"list-style-type: disc;\">\n<li style=\"list-style-type: none;\">\n<ul>\n<li>das Recht auf Daten\u00fcbertragbarkeit, einschlie\u00dflich des Rechts des Kunden, seine personenbezogenen Daten zu erhalten, und des Rechts des Kunden, zu entscheiden, ob er sie an einen anderen Dienstleister weitergibt<br>(an einen anderen f\u00fcr die Datenverarbeitung Verantwortlichen)<\/li>\n<li>das Recht, der Verarbeitung personenbezogener Daten zu widersprechen, wenn diese zur Wahrung der berechtigten Interessen des f\u00fcr die Verarbeitung Verantwortlichen oder f\u00fcr Zwecke der Direktwerbung verarbeitet werden<\/li>\n<li>das Recht, eine Beschwerde bei der Aufsichtsbeh\u00f6rde, dem Amt f\u00fcr den Schutz personenbezogener Daten, Pplk. Sochora 27, 170 00 Prag 7; www.uoou.cz<\/li>\n<\/ul>\n<\/li>\n<\/ul>\n<\/li>\n<\/ul>\n<p>Bei Fragen oder Anmerkungen zur Verarbeitung personenbezogener Daten oder wenn der Kunde seine unter Punkt VI. genannten Rechte aus\u00fcben m\u00f6chte, kann er dies schriftlich an die Adresse des Verwalters, d.h. Petrkov, s.r.o., ID-Nr.: 07213107, mit Sitz in Havl\u00ed\u010dkovo n\u00e1m\u011bst\u00ed 176, 580 01 Havl\u00ed\u010dk\u016fv Brod, oder elektronisch an die E-Mail-Adresse: hotel@uzlateholva.cz tun.<\/p>\n<ul style=\"list-style-type: disc;\"><\/ul>\t\t\t\t\t\t\t\t<\/div>\n\t\t\t\t<\/div>\n\t\t\t\t\t<\/div>\n\t\t\t\t<\/div>\n\t\t\t\t<\/div>\n\t\t","protected":false},"excerpt":{"rendered":"<p>INFORMATIONEN \u00dcBER DIE VERARBEITUNG UND DEN SCHUTZ VON PERSONENBEZOGENEN DATEN Mit Wirkung vom 25. Mai 2018 unterliegt die Verarbeitung personenbezogener&#8230; <span class=\"knsl-el-more\"><a href=\"https:\/\/www.uzlateholva.cz\/de\/schutz-personenbezogener-daten\/\" class=\"knsl-btn\">Read more<span class=\"screen-reader-text\">Read more&nbsp;Schutz personenbezogener Daten<\/span><\/a><\/span><\/p>\n","protected":false},"author":1,"featured_media":0,"parent":0,"menu_order":0,"comment_status":"closed","ping_status":"closed","template":"","meta":{"_acf_changed":false,"footnotes":""},"class_list":["post-13184","page","type-page","status-publish","hentry"],"acf":[],"aioseo_notices":[],"_links":{"self":[{"href":"https:\/\/www.uzlateholva.cz\/de\/wp-json\/wp\/v2\/pages\/13184","targetHints":{"allow":["GET"]}}],"collection":[{"href":"https:\/\/www.uzlateholva.cz\/de\/wp-json\/wp\/v2\/pages"}],"about":[{"href":"https:\/\/www.uzlateholva.cz\/de\/wp-json\/wp\/v2\/types\/page"}],"author":[{"embeddable":true,"href":"https:\/\/www.uzlateholva.cz\/de\/wp-json\/wp\/v2\/users\/1"}],"replies":[{"embeddable":true,"href":"https:\/\/www.uzlateholva.cz\/de\/wp-json\/wp\/v2\/comments?post=13184"}],"version-history":[{"count":0,"href":"https:\/\/www.uzlateholva.cz\/de\/wp-json\/wp\/v2\/pages\/13184\/revisions"}],"wp:attachment":[{"href":"https:\/\/www.uzlateholva.cz\/de\/wp-json\/wp\/v2\/media?parent=13184"}],"curies":[{"name":"wp","href":"https:\/\/api.w.org\/{rel}","templated":true}]}}