{"id":13183,"date":"2021-08-19T01:12:00","date_gmt":"2021-08-19T00:12:00","guid":{"rendered":"https:\/\/www.uzlateholva.cz\/protection-des-donnees-personnelles\/"},"modified":"2024-04-09T11:03:00","modified_gmt":"2024-04-09T10:03:00","slug":"protection-des-donnees-personnelles","status":"publish","type":"page","link":"https:\/\/www.uzlateholva.cz\/fr\/protection-des-donnees-personnelles\/","title":{"rendered":"Protection des donn\u00e9es personnelles"},"content":{"rendered":"\t\t<div data-elementor-type=\"wp-page\" data-elementor-id=\"13183\" class=\"elementor elementor-13183 elementor-3435\">\n\t\t\t\t<div class=\"elementor-element elementor-element-4c5a3a91 e-flex e-con-boxed e-con e-parent\" data-id=\"4c5a3a91\" data-element_type=\"container\" data-e-type=\"container\">\n\t\t\t\t\t<div class=\"e-con-inner\">\n\t\t\t\t<div class=\"elementor-element elementor-element-125e1cc0 elementor-widget elementor-widget-text-editor\" data-id=\"125e1cc0\" data-element_type=\"widget\" data-e-type=\"widget\" data-widget_type=\"text-editor.default\">\n\t\t\t\t<div class=\"elementor-widget-container\">\n\t\t\t\t\t\t\t\t\t<h3>DES INFORMATIONS SUR LE TRAITEMENT ET LA PROTECTION DES DONN\u00c9ES PERSONNELLES<\/h3><p><span class=\"s1\">Avec effet \u00e0 partir du 25. Mai 2018, le traitement des donn\u00e9es personnelles des clients de Hotel U Zlat\u00e9ho lva est soumis au r\u00e8glement (UE) 2016\/679 du Parlement europ\u00e9en et du Conseil du 27. avril 2016 relatif \u00e0 la protection des personnes physiques \u00e0 l&#8217;\u00e9gard du traitement des donn\u00e9es \u00e0 caract\u00e8re personnel et \u00e0 la libre circulation de ces donn\u00e9es, et abrogeant la directive 95\/46\/CE (r\u00e8glement g\u00e9n\u00e9ral sur la protection des donn\u00e9es), <\/span><strong><span class=\"s2\">appel\u00e9. GDPR<\/span><\/strong><span class=\"s1\">. Dans ce contexte, nous vous fournissons les informations suivantes sur le traitement et la protection des donn\u00e9es \u00e0 caract\u00e8re personnel.<\/span><\/p><h3>Responsable du traitement des donn\u00e9es \u00e0 caract\u00e8re personnel<\/h3><p>Le responsable du traitement des donn\u00e9es personnelles des clients de l&#8217;H\u00f4tel U Zlat\u00e9ho lva, \u00e0 l&#8217;adresse Havl\u00ed\u010dkovo n\u00e1m\u011bst\u00ed 176, 580 01 Havl\u00ed\u010dk\u016fv Brod (ci-apr\u00e8s d\u00e9nomm\u00e9 l&#8217;H\u00f4tel) est la soci\u00e9t\u00e9 Petrkov, s.r.o., N\u00b0 d&#8217;identification : 07213107, dont le si\u00e8ge social est situ\u00e9 \u00e0 Havl\u00ed\u010dkovo n\u00e1m\u011bst\u00ed 176, 580 01 Havl\u00ed\u010dk\u016fv Brod, inscrite au registre du commerce du tribunal r\u00e9gional de Hradec Kr\u00e1lov\u00e9, section C, encart 41945 (ci-apr\u00e8s d\u00e9nomm\u00e9 le Responsable du traitement), qui est l&#8217;exploitant de l&#8217;H\u00f4tel.<\/p><h3>Quelles donn\u00e9es personnelles traitons-nous ?<\/h3><p>Les donn\u00e9es personnelles que nous traitons sur les clients de l&#8217;h\u00f4tel, dont l&#8217;\u00e9tendue varie en fonction du type et de l&#8217;\u00e9tendue des services fournis, comprennent :<\/p><ul style=\"list-style-type: disc;\"><li style=\"list-style-type: none;\"><ul style=\"list-style-type: disc;\"><li style=\"list-style-type: none;\"><ul><li>nom et pr\u00e9nom, titre<\/li><li>la date de naissance<\/li><li>nationalit\u00e9<\/li><li>adresse r\u00e9sidentielle<\/li><li>num\u00e9ro du document de voyage<\/li><li>le num\u00e9ro de visa, s&#8217;il est indiqu\u00e9 sur le document de voyage<\/li><li>dur\u00e9e du s\u00e9jour<\/li><li>objet du s\u00e9jour en R\u00e9publique tch\u00e8que<\/li><li>e-mail<\/li><li>num\u00e9ro de t\u00e9l\u00e9phone<\/li><li>le type, le num\u00e9ro et la date d&#8217;expiration de la carte de paiement<\/li><li>le num\u00e9ro d&#8217;immatriculation du v\u00e9hicule \u00e0 moteur<\/li><li>Images de vid\u00e9osurveillance<\/li><li>d&#8217;autres donn\u00e9es si cela est n\u00e9cessaire dans le cadre de la fourniture de services par le contr\u00f4leur.<\/li><\/ul><\/li><\/ul><\/li><\/ul><p>Nous obtenons des donn\u00e9es personnelles directement des clients ou des agents d&#8217;h\u00e9bergement lors de la conclusion du contrat de r\u00e9servation d&#8217;h\u00e9bergement, respectivement. contrat d&#8217;h\u00e9bergement et pendant la relation contractuelle. La fourniture de donn\u00e9es personnelles est volontaire. Si le client choisit de ne pas nous fournir ses donn\u00e9es personnelles, il ne sera pas possible de conclure un contrat pour la r\u00e9servation d&#8217;un logement, respectivement. contrat d&#8217;h\u00e9bergement.<\/p><p>Il n&#8217;y a pas de prise de d\u00e9cision automatis\u00e9e dans le traitement des donn\u00e9es personnelles des clients de l&#8217;h\u00f4tel.<\/p><p>Afin de garantir la s\u00e9curit\u00e9 et la confidentialit\u00e9 des donn\u00e9es \u00e0 caract\u00e8re personnel, qui sont extr\u00eamement importantes pour nous, nous utilisons des mesures techniques et organisationnelles pour nous prot\u00e9ger contre l&#8217;acc\u00e8s non autoris\u00e9 et l&#8217;utilisation abusive des donn\u00e9es \u00e0 caract\u00e8re personnel, y compris en garantissant une s\u00e9curit\u00e9 suffisante des syst\u00e8mes informatiques. Toutes les mesures sont r\u00e9guli\u00e8rement \u00e9valu\u00e9es et mises \u00e0 jour.<\/p><ul style=\"list-style-type: disc;\"><li style=\"list-style-type: none;\">\u00a0<\/li><\/ul><h3>Finalit\u00e9 du traitement et base juridique du traitement des donn\u00e9es \u00e0 caract\u00e8re personnel<\/h3><h3>Nous traitons les donn\u00e9es personnelles des clients de l&#8217;h\u00f4tel aux fins de :<\/h3><ul style=\"list-style-type: disc;\"><li style=\"list-style-type: none;\"><ul style=\"list-style-type: disc;\"><li style=\"list-style-type: none;\"><ul><li>la prestation de services sur la base d&#8217;un contrat de r\u00e9servation de logement conclu, resp. les contrats d&#8217;h\u00e9bergement \u00e0 l&#8217;h\u00f4tel, c&#8217;est-\u00e0-dire notamment aux fins de la conclusion du contrat, de la gestion de la relation contractuelle et de la communication avec le client. Dans ce cas, la base juridique qui nous permet de traiter les donn\u00e9es personnelles des clients est que le traitement des donn\u00e9es personnelles est n\u00e9cessaire aux fins de la conclusion ou de l&#8217;ex\u00e9cution d&#8217;un contrat avec les clients.<\/li><li>le respect des obligations l\u00e9gales, c&#8217;est-\u00e0-dire notamment aux fins de la tenue du registre des logements et de la notification du logement d&#8217;un \u00e9tranger au sens de la l\u00e9gislation r\u00e9gissant le s\u00e9jour des \u00e9trangers en R\u00e9publique tch\u00e8que. La base juridique qui nous permet de traiter les donn\u00e9es personnelles dans ce cas est due au fait que le traitement des donn\u00e9es personnelles des clients est n\u00e9cessaire pour respecter une obligation l\u00e9gale \u00e0 laquelle nous sommes soumis en tant que responsable du traitement des donn\u00e9es.<\/li><li>la protection des int\u00e9r\u00eats l\u00e9gitimes de l&#8217;administrateur et de l&#8217;h\u00f4tel, c&#8217;est-\u00e0-dire en particulier dans le but d&#8217;\u00e9valuer, d&#8217;exercer et de faire valoir des droits l\u00e9gaux, de prot\u00e9ger les droits, la propri\u00e9t\u00e9 ou la s\u00e9curit\u00e9 de l&#8217;administrateur, de l&#8217;h\u00f4tel, de leurs autres clients ou d&#8217;autres personnes. La base juridique qui nous permet de traiter les donn\u00e9es personnelles est dans ce cas le fait que le traitement des donn\u00e9es personnelles est n\u00e9cessaire aux fins de la protection des int\u00e9r\u00eats l\u00e9gitimes du contr\u00f4leur en tant que responsable du traitement des donn\u00e9es personnelles.<\/li><li>le marketing et l&#8217;envoi de communications marketing et d&#8217;offres commerciales ou de questionnaires d&#8217;am\u00e9lioration des services &#8211; si le client a donn\u00e9 son consentement au marketing direct. La base juridique qui nous permet de traiter les donn\u00e9es personnelles dans ce cas est le fait que le client nous a donn\u00e9 son consentement r\u00e9vocable pour traiter les donn\u00e9es personnelles \u00e0 cette fin.<\/li><\/ul><\/li><\/ul><\/li><\/ul><h2>\u00a0<\/h2><h3>Destinataires auxquels nous pouvons divulguer les donn\u00e9es \u00e0 caract\u00e8re personnel des clients<\/h3><ul style=\"list-style-type: disc;\"><li style=\"list-style-type: none;\">\u00a0<\/li><\/ul><p>Pour assurer le bon fonctionnement de l&#8217;h\u00f4tel, fournir des services et remplir nos obligations contractuelles, nous faisons appel aux services professionnels et sp\u00e9cialis\u00e9s d&#8217;autres entit\u00e9s, par ex. les fournisseurs de services de restauration, de services informatiques, les comptables, les auditeurs et les autres entit\u00e9s qui fournissent leurs services pour assurer le fonctionnement de l&#8217;h\u00f4tel. Dans la mesure o\u00f9 ces entit\u00e9s traitent les donn\u00e9es personnelles des clients de l&#8217;h\u00f4tel qui leur sont fournies par le contr\u00f4leur, elles ont le statut de responsables du traitement des donn\u00e9es personnelles et ne les traitent que dans le cadre des instructions du contr\u00f4leur et ne peuvent pas les utiliser autrement. Chacune de ces entit\u00e9s a des obligations strictes en mati\u00e8re de protection et de s\u00e9curit\u00e9 des donn\u00e9es \u00e0 caract\u00e8re personnel.<\/p><h2>\u00a0<\/h2><h3>La p\u00e9riode pendant laquelle nous traiterons les donn\u00e9es \u00e0 caract\u00e8re personnel<\/h3><ul style=\"list-style-type: disc;\"><li style=\"list-style-type: none;\">\u00a0<\/li><\/ul><p>Nous ne conservons les donn\u00e9es \u00e0 caract\u00e8re personnel des clients que pour la dur\u00e9e de l&#8217;une des finalit\u00e9s de traitement susmentionn\u00e9es, c&#8217;est-\u00e0-dire en particulier pour la dur\u00e9e du contrat et pour la dur\u00e9e du consentement du client au traitement des donn\u00e9es \u00e0 caract\u00e8re personnel. Apr\u00e8s la r\u00e9siliation du contrat ou le retrait du consentement du client, nous ne conservons les donn\u00e9es \u00e0 caract\u00e8re personnel que pendant la p\u00e9riode et dans les conditions requises par la loi, conform\u00e9ment aux d\u00e9lais g\u00e9n\u00e9raux de prescription, d&#8217;archivage et de destruction.<\/p><ul style=\"list-style-type: disc;\"><li style=\"list-style-type: none;\">\u00a0<\/li><\/ul><h3>Utilisation de cookies<\/h3><p>Les cookies sont des fichiers texte contenant de petites quantit\u00e9s d&#8217;informations qui sont t\u00e9l\u00e9charg\u00e9s sur votre appareil lorsque vous visitez notre site web. Les cookies sont ensuite renvoy\u00e9s au site web ou \u00e0 un autre site web qui les reconna\u00eet lors de chaque visite ult\u00e9rieure.<\/p><p>Les cookies remplissent diverses fonctions, telles que vous permettre de naviguer efficacement entre les sites web, m\u00e9moriser vos pr\u00e9f\u00e9rences et, d&#8217;une mani\u00e8re g\u00e9n\u00e9rale, am\u00e9liorer l&#8217;exp\u00e9rience de l&#8217;utilisateur. Ils peuvent \u00e9galement veiller \u00e0 ce que les publicit\u00e9s que vous voyez en ligne soient mieux adapt\u00e9es \u00e0 votre personnalit\u00e9 et \u00e0 vos centres d&#8217;int\u00e9r\u00eat.<\/p><p>Nous utilisons les cookies suivants sur le site web :<\/p><ul><li><p><strong>Cookies n\u00e9cessaires<\/strong>: ils sont n\u00e9cessaires au fonctionnement du site web, par exemple pour vous permettre de vous connecter \u00e0 des zones s\u00e9curis\u00e9es du site et \u00e0 d&#8217;autres fonctionnalit\u00e9s de base du site. Cette cat\u00e9gorie de cookies ne peut pas \u00eatre d\u00e9sactiv\u00e9e.<\/p><\/li><\/ul><p>De plus amples informations sur les cookies et la liste actuelle des cookies sont disponibles dans les diff\u00e9rents navigateurs web, le plus souvent sous Developer Tools.<\/p><p>Le consentement peut \u00eatre exprim\u00e9 au moyen d&#8217;une case \u00e0 cocher figurant dans le &#8220;formulaire de consentement&#8221; barre de cookies. Vous pouvez \u00e9galement refuser les cookies dans les param\u00e8tres de votre navigateur ou vous limiter \u00e0 certains d&#8217;entre eux.<\/p><p>Pour plus d&#8217;informations sur la gestion des cookies dans les diff\u00e9rents navigateurs, veuillez consulter les liens suivants :<\/p><ul><li>Internet Explorer &#8211; https:\/\/support.microsoft.com\/cs-cz\/help\/17442\/windows-internet-explorer-delete-manage-cookies<\/li><li>Google Chrome &#8211; https:\/\/support.google.com\/chrome\/answer\/95647?co=GENIE.Platform%3DDesktop&amp;hl=cs<\/li><li>Firefox &#8211; https:\/\/support.mozilla.org\/cs\/kb\/povoleni-zakazani-cookies<\/li><li>Safari &#8211; https:\/\/support.apple.com\/cs-cz\/guide\/safari\/sfri11471\/mac<\/li><li>Op\u00e9ra &#8211; https:\/\/help.opera.com\/cs\/latest\/security-and-privacy\/<\/li><li><p>Microsoft Edge &#8211; https:\/\/docs.microsoft.com\/cs-cz\/sccm\/compliance\/deploy-use\/browser-profiles<\/p><h2>\u00a0<\/h2><\/li><\/ul><h3>Droits des clients relatifs au traitement des donn\u00e9es personnelles<\/h3><ul style=\"list-style-type: disc;\"><li style=\"list-style-type: none;\">\u00a0<\/li><\/ul><p>Dans le cadre du traitement des donn\u00e9es \u00e0 caract\u00e8re personnel, le client a :<\/p><ul style=\"list-style-type: disc;\"><li style=\"list-style-type: none;\"><ul style=\"list-style-type: disc;\"><li style=\"list-style-type: none;\"><ul><li>le droit d&#8217;\u00eatre inform\u00e9 de mani\u00e8re concise, claire, transparente et compr\u00e9hensible de la mani\u00e8re dont ses donn\u00e9es \u00e0 caract\u00e8re personnel sont trait\u00e9es et de ses droits en mati\u00e8re de traitement des donn\u00e9es \u00e0 caract\u00e8re personnel ;<\/li><li>le droit d&#8217;acc\u00e8s aux donn\u00e9es \u00e0 caract\u00e8re personnel, y compris le droit d&#8217;obtenir la confirmation que ses donn\u00e9es \u00e0 caract\u00e8re personnel font ou ne font pas l&#8217;objet d&#8217;un traitement et le droit de demander des informations sur les donn\u00e9es \u00e0 caract\u00e8re personnel qui font l&#8217;objet d&#8217;un traitement ;<\/li><li>le droit de rectification des donn\u00e9es personnelles inexactes et incompl\u00e8tes<\/li><li>le droit \u00e0 l&#8217;effacement des donn\u00e9es \u00e0 caract\u00e8re personnel (le &#8220;droit \u00e0 l&#8217;oubli&#8221;) si :<\/li><\/ul><\/li><\/ul><\/li><\/ul><p>&#8211; les donn\u00e9es \u00e0 caract\u00e8re personnel ne sont plus n\u00e9cessaires aux fins pour lesquelles elles ont \u00e9t\u00e9 collect\u00e9es ou trait\u00e9es ;<br \/>&#8211; le client a retir\u00e9 son consentement au traitement des donn\u00e9es \u00e0 caract\u00e8re personnel ;<br \/>&#8211; le client s&#8217;est oppos\u00e9 au traitement de ses donn\u00e9es personnelles et l&#8217;int\u00e9r\u00eat l\u00e9gitime du contr\u00f4leur dans le traitement ult\u00e9rieur de ses donn\u00e9es personnelles ne pr\u00e9vaut pas dans ce cas ou vous vous \u00eates oppos\u00e9 au traitement de vos donn\u00e9es personnelles \u00e0 des fins de marketing direct ;<br \/>&#8211; les donn\u00e9es \u00e0 caract\u00e8re personnel ont \u00e9t\u00e9 trait\u00e9es ill\u00e9galement ou si les donn\u00e9es \u00e0 caract\u00e8re personnel doivent \u00eatre effac\u00e9es sur la base du droit applicable ;<\/p><ul style=\"list-style-type: disc;\"><li style=\"list-style-type: none;\"><ul style=\"list-style-type: disc;\"><li style=\"list-style-type: none;\"><ul><li>le droit de restreindre le traitement des donn\u00e9es \u00e0 caract\u00e8re personnel si :<\/li><\/ul><\/li><\/ul><\/li><\/ul><p>&#8211; nie l&#8217;exactitude des donn\u00e9es \u00e0 caract\u00e8re personnel jusqu&#8217;\u00e0 ce que leur exactitude soit v\u00e9rifi\u00e9e ;<br \/>&#8211; le traitement des donn\u00e9es \u00e0 caract\u00e8re personnel est ill\u00e9gal et le client ne demande que la restriction de l&#8217;utilisation des donn\u00e9es \u00e0 caract\u00e8re personnel au lieu de leur suppression ;<\/p><p>&#8211; Le responsable du traitement n&#8217;a plus besoin des donn\u00e9es \u00e0 caract\u00e8re personnel du client, mais ce dernier en a besoin pour faire valoir ses droits en justice ;<\/p><p>&#8211; le client s&#8217;est oppos\u00e9 au traitement des donn\u00e9es \u00e0 caract\u00e8re personnel pendant un certain temps, jusqu&#8217;\u00e0 ce qu&#8217;il soit v\u00e9rifi\u00e9 si les int\u00e9r\u00eats l\u00e9gitimes du contr\u00f4leur l&#8217;emportent sur les int\u00e9r\u00eats du client.<\/p><ul style=\"list-style-type: disc;\"><li style=\"list-style-type: none;\"><ul style=\"list-style-type: disc;\"><li style=\"list-style-type: none;\"><ul><li>le droit \u00e0 la portabilit\u00e9 des donn\u00e9es, y compris le droit du client d&#8217;obtenir ses donn\u00e9es personnelles et le droit du client de d\u00e9cider de les transf\u00e9rer \u00e0 un autre fournisseur de services<br \/>(\u00e0 un autre responsable du traitement)<\/li><li>le droit de s&#8217;opposer au traitement des donn\u00e9es personnelles si elles sont trait\u00e9es dans le but de prot\u00e9ger les int\u00e9r\u00eats l\u00e9gitimes du contr\u00f4leur ou \u00e0 des fins de marketing direct<\/li><li>le droit d&#8217;introduire une r\u00e9clamation aupr\u00e8s de l&#8217;autorit\u00e9 de contr\u00f4le, \u00e0 savoir l&#8217;Office de protection des donn\u00e9es personnelles, Pplk. Sochora 27, 170 00 Prague 7 ; www.uoou.cz<\/li><\/ul><\/li><\/ul><\/li><\/ul><p>En cas de questions ou de commentaires sur le traitement des donn\u00e9es personnelles ou si le client souhaite exercer ses droits vis\u00e9s au point VI, il peut le faire par \u00e9crit \u00e0 l&#8217;adresse de l&#8217;administrateur, \u00e0 savoir Petrkov, s.r.o., num\u00e9ro d&#8217;identification : 07213107, dont le si\u00e8ge social est situ\u00e9 \u00e0 Havl\u00ed\u010dkovo n\u00e1m\u011bst\u00ed 176, 580 01 Havl\u00ed\u010dk\u016fv Brod, ou par voie \u00e9lectronique \u00e0 l&#8217;adresse de courrier \u00e9lectronique : hotel@uzlateholva.cz.<\/p>\t\t\t\t\t\t\t\t<\/div>\n\t\t\t\t<\/div>\n\t\t\t\t\t<\/div>\n\t\t\t\t<\/div>\n\t\t\t\t<\/div>\n\t\t","protected":false},"excerpt":{"rendered":"<p>DES INFORMATIONS SUR LE TRAITEMENT ET LA PROTECTION DES DONN\u00c9ES PERSONNELLES Avec effet \u00e0 partir du 25. Mai 2018, le&#8230; <span class=\"knsl-el-more\"><a href=\"https:\/\/www.uzlateholva.cz\/fr\/protection-des-donnees-personnelles\/\" class=\"knsl-btn\">Read more<span class=\"screen-reader-text\">Read more&nbsp;Protection des donn\u00e9es personnelles<\/span><\/a><\/span><\/p>\n","protected":false},"author":1,"featured_media":0,"parent":0,"menu_order":0,"comment_status":"closed","ping_status":"closed","template":"","meta":{"_acf_changed":false,"footnotes":""},"class_list":["post-13183","page","type-page","status-publish","hentry"],"acf":[],"aioseo_notices":[],"_links":{"self":[{"href":"https:\/\/www.uzlateholva.cz\/fr\/wp-json\/wp\/v2\/pages\/13183","targetHints":{"allow":["GET"]}}],"collection":[{"href":"https:\/\/www.uzlateholva.cz\/fr\/wp-json\/wp\/v2\/pages"}],"about":[{"href":"https:\/\/www.uzlateholva.cz\/fr\/wp-json\/wp\/v2\/types\/page"}],"author":[{"embeddable":true,"href":"https:\/\/www.uzlateholva.cz\/fr\/wp-json\/wp\/v2\/users\/1"}],"replies":[{"embeddable":true,"href":"https:\/\/www.uzlateholva.cz\/fr\/wp-json\/wp\/v2\/comments?post=13183"}],"version-history":[{"count":0,"href":"https:\/\/www.uzlateholva.cz\/fr\/wp-json\/wp\/v2\/pages\/13183\/revisions"}],"wp:attachment":[{"href":"https:\/\/www.uzlateholva.cz\/fr\/wp-json\/wp\/v2\/media?parent=13183"}],"curies":[{"name":"wp","href":"https:\/\/api.w.org\/{rel}","templated":true}]}}