{"id":14439,"date":"2024-03-09T20:34:56","date_gmt":"2024-03-09T19:34:56","guid":{"rendered":"https:\/\/www.uzlateholva.cz\/termini-e-condizioni-generali\/"},"modified":"2024-04-15T10:44:39","modified_gmt":"2024-04-15T09:44:39","slug":"termini-e-condizioni-generali","status":"publish","type":"page","link":"https:\/\/www.uzlateholva.cz\/it\/termini-e-condizioni-generali\/","title":{"rendered":"Termini e condizioni generali"},"content":{"rendered":"\t\t<div data-elementor-type=\"wp-page\" data-elementor-id=\"14439\" class=\"elementor elementor-14439 elementor-15\">\n\t\t\t\t<div class=\"elementor-element elementor-element-33d48407 e-flex e-con-boxed e-con e-parent\" data-id=\"33d48407\" data-element_type=\"container\" data-e-type=\"container\">\n\t\t\t\t\t<div class=\"e-con-inner\">\n\t\t\t\t<div class=\"elementor-element elementor-element-4dd9f45b elementor-widget elementor-widget-text-editor\" data-id=\"4dd9f45b\" data-element_type=\"widget\" data-e-type=\"widget\" data-widget_type=\"text-editor.default\">\n\t\t\t\t<div class=\"elementor-widget-container\">\n\t\t\t\t\t\t\t\t\t<p>Le presenti Condizioni Generali di Contratto dell&#8217;Hotel U Zlat\u00e9ho lva, all&#8217;indirizzo Havl\u00ed\u010dkovo n\u00e1m\u011bst\u00ed 176, 580 01 Havl\u00ed\u010dk\u016fv Brod (di seguito denominato &#8220;Hotel&#8221;), regolano il rapporto contrattuale tra il gestore dell&#8217;albergo, PETRKOV s.r.o, con sede legale in Havl\u00ed\u010dkovo n\u00e1m\u011bst\u00ed 176, 580 01 Havl\u00ed\u010dk\u016fv Brod, ID n.: 07213107, iscritta al Registro delle Imprese &#8211; Fascicolo n. C 41945 tenuto presso il Tribunale Regionale di Hradec Kr\u00e1lov\u00e9 (di seguito denominato &#8220;albergatore&#8221;) e la persona fisica alloggiata (di seguito denominata &#8220;alloggiante&#8221;). Con la stipula del contratto di alloggio (di seguito denominato &#8220;Contratto&#8221;), l&#8217;albergatore si impegna a fornire un alloggio temporaneo (il diritto di utilizzare lo spazio dell&#8217;albergo) alla persona alloggiata per un periodo di tempo concordato, e la persona che crea l&#8217;ordine (&#8220;ordinante&#8221;) si impegna a pagare all&#8217;albergatore il prezzo concordato per l&#8217;alloggio. L&#8217;ospite e il cliente possono essere o meno la stessa persona. Le disposizioni delle presenti CG si applicano se non diversamente concordato per iscritto dalle parti nel contratto. I rapporti non regolati dal contratto e dalle presenti CG sono disciplinati dalla legge n. 89\/2012 Racc. e dal Codice civile (in particolare dalle disposizioni degli articoli da 2326 a 2331). Se la parte contraente da parte del cliente \u00e8 un consumatore (cio\u00e8 un non imprenditore), i rapporti non regolati dal contratto e dalle presenti CGV sono disciplinati anche dalla Legge n. 634\/1992 Coll., sulla protezione dei consumatori.<\/p>\n<p>Le CGC sono disponibili gratuitamente sul sito web dell&#8217;hotel.<\/p>\n<h3>1) Ordinazione di un soggiorno, instaurazione di un rapporto contrattuale<\/h3>\n<p>Il soggiorno in hotel pu\u00f2 essere prenotato tramite il modulo elettronico sul sito web dell&#8217;hotel https:\/\/www.uzlateholva.cz, via e-mail, per telefono o di persona alla reception (&#8220;prenotazione&#8221;).<\/p>\n<p>Gli elementi essenziali che costituiscono una vera e propria riserva sono:<\/p>\n<p>1. nome e indirizzo dell&#8217;ospite, paese di residenza e contatto (telefono, e-mail); nel caso di persone fisiche che gestiscono un&#8217;impresa, nome dell&#8217;impresa, numero di registrazione, partita IVA e sede legale. Se il cliente \u00e8 una persona diversa dalla persona accolta, deve fornire le stesse informazioni della persona accolta nell&#8217;ordine. Se il cliente \u00e8 una persona giuridica, il nome della societ\u00e0, il numero di registrazione, la partita IVA e la sede legale<br \/>2. la data del soggiorno, la scelta di una camera specifica e di altri servizi e la modalit\u00e0 di pagamento del prezzo.<\/p>\n<p>Si stabilisce un rapporto contrattuale:<\/p>\n<p>1. al momento dell&#8217;organizzazione dell&#8217;alloggio in loco o della prenotazione di persona;<br \/>2. sulla base di un ordine telefonico, e-mail o personale, al momento della conferma dell&#8217;ordine da parte dell&#8217;albergatore. in caso contrario, verr\u00e0 comunicata la prenotazione dell&#8217;alloggio specifico;<br \/>Nel caso in cui il pagamento anticipato del cliente non venga accreditato sul conto dell&#8217;albergatore in conformit\u00e0 con la lettera di anticipo (fattura anticipata), che sar\u00e0 emessa dall&#8217;albergatore dopo la creazione dell&#8217;ordine, l&#8217;albergatore non \u00e8 obbligato a fornire l&#8217;alloggio o. Nel caso in cui l&#8217;ordine sia vago o non contenga tutti i dati necessari di cui all&#8217;Art. II para. 2 delle presenti CG non \u00e8 vincolante per l&#8217;albergatore. L&#8217;albergatore informa il cliente di questo fatto e lo invita a completare e specificare l&#8217;ordine.<\/p>\n<h3>2) Diritti e obblighi del residente<\/h3>\n<p>Con la stipula del contratto di alloggio, l&#8217;ospite ha il diritto di utilizzare i locali e le strutture prenotate dell&#8217;hotel e di usufruire di altri servizi associati all&#8217;alloggio entro il tempo concordato. L&#8217;ospite deve esercitare i propri diritti in conformit\u00e0 con le politiche o i regolamenti dell&#8217;hotel per gli ospiti (regole dell&#8217;alloggio).<\/p>\n<p>L&#8217;ospite \u00e8 tenuto a rispettare il regolamento di soggiorno dell&#8217;hotel, il regolamento di funzionamento della piscina e altri regolamenti interni dell&#8217;hotel relativi alla fornitura di alloggi e servizi. L&#8217;ospite \u00e8 tenuto a utilizzare i locali dell&#8217;alloggio e le aree comuni dell&#8217;hotel e ad accettare correttamente i servizi associati all&#8217;alloggio in modo da non arrecare danni all&#8217;albergatore.<\/p>\n<p>L&#8217;Ospite non pu\u00f2 apportare modifiche all&#8217;area dell&#8217;alloggio o a qualsiasi altra parte dell&#8217;Hotel, n\u00e9 spostare o riposizionare mobili o attrezzature dell&#8217;Hotel senza l&#8217;esplicito consenso scritto dell&#8217;albergatore. Se l&#8217;ospite viola questo divieto, \u00e8 tenuto a rimuovere immediatamente le modifiche non autorizzate, ma non oltre la fine dell&#8217;alloggio.<\/p>\n<p>L&#8217;ospite non pu\u00f2 ospitare terzi nell&#8217;hotel e nelle camere dell&#8217;hotel senza l&#8217;esplicito consenso scritto dell&#8217;albergatore. La violazione di questo obbligo da parte dell&#8217;albergatore \u00e8 considerata un grave inadempimento, che pu\u00f2 comportare l&#8217;immediata risoluzione del contratto senza preavviso ai sensi dell&#8217;Art. VIII para. 6 di questi GTC.<\/p>\n<p>Altre persone possono utilizzare l&#8217;alloggio al posto delle persone originariamente indicate nella prenotazione. Tuttavia, questo deve essere comunicato all&#8217;albergatore entro e non oltre il primo giorno di utilizzo. Con l&#8217;ingresso nell&#8217;alloggio, i nuovi ospiti accettano l&#8217;alloggio, i servizi e il loro prezzo e confermano di soddisfare tutte le condizioni per la partecipazione all&#8217;alloggio e l&#8217;utilizzo dei servizi, e il cliente si impegna a garantire ci\u00f2.<\/p>\n<p>L&#8217;ospite ha il diritto di presentare reclamo per eventuali carenze nei servizi forniti dall&#8217;albergatore. L&#8217;ospite \u00e8 tenuto a presentare un reclamo all&#8217;albergatore senza ritardi ingiustificati, entro e non oltre un giorno dalla scoperta delle carenze. Il reclamo deve essere abbastanza specifico da identificare chiaramente le singole carenze. L&#8217;albergatore deve risolvere il reclamo ricevuto entro un periodo di tempo corrispondente alla natura della carenza lamentata. Il termine per la risoluzione del reclamo \u00e8 sospeso per il periodo in cui la persona ospitata non ha fornito all&#8217;albergatore la collaborazione necessaria per risolvere il reclamo.<\/p>\n<p>L&#8217;ospite \u00e8 responsabile nei confronti dell&#8217;albergatore per qualsiasi danno causato intenzionalmente o per negligenza nei locali dell&#8217;hotel e nelle sue immediate vicinanze. L&#8217;ospite \u00e8 inoltre responsabile di eventuali danni causati dai suoi animali o dagli ospiti che visitano la propriet\u00e0. L&#8217;ospite \u00e8 tenuto a segnalare immediatamente il danno all&#8217;albergatore e a risarcirlo interamente.<\/p>\n<p>L&#8217;ospite ha il diritto di annullare la prenotazione confermata (rescindere il contratto) o di interrompere anticipatamente l&#8217;alloggio in qualsiasi momento prima dell&#8217;inizio del soggiorno alle condizioni specificate nell&#8217;Art. VIII delle presenti CGC.<\/p>\n<h3>3) Diritti e obblighi dell&#8217;albergatore<\/h3>\n<p>La stipula del contratto di alloggio comporta l&#8217;obbligo per l&#8217;albergatore di fornire alla persona ospitata l&#8217;alloggio e gli altri servizi concordati nel contratto, nella misura e nella qualit\u00e0 richieste, entro i tempi concordati. L&#8217;albergatore \u00e8 inoltre tenuto a fornire all&#8217;ospite informazioni importanti sull&#8217;alloggio e su altri servizi, nonch\u00e9 informazioni sul check-in.<\/p>\n<p>Il locatore deve consegnare lo spazio abitativo alla persona ospitata in condizioni idonee all&#8217;uso corretto e deve garantire l&#8217;esercizio indisturbato dei suoi diritti relativi all&#8217;alloggio.<\/p>\n<p>L&#8217;albergatore ha il diritto di fornire all&#8217;ospite una sistemazione alternativa della stessa qualit\u00e0 (diversa dalla camera prenotata) solo con il consenso dell&#8217;ospite.<\/p>\n<p>L&#8217;albergatore ha il diritto di addebitare il costo in qualsiasi momento. addebitare continuamente i servizi aggiuntivi ordinati dall&#8217;albergatore nell&#8217;hotel al di l\u00e0 dell&#8217;ambito del contratto di alloggio.<\/p>\n<h3>4) Prezzo dei servizi<\/h3>\n<p>I prezzi dei servizi forniti dall&#8217;hotel sono elencati nel listino prezzi attuale o nei pacchetti di soggiorno attuali sul sito web &#8211; https:\/\/www.uzlateholva.cz.<\/p>\n<p>I prezzi dei servizi includono una tassa (alloggio, ricreazione, ecc.), che viene riscossa nella misura stabilita da un decreto generalmente vincolante del comune.<\/p>\n<h3>5) Termini di pagamento<\/h3>\n<p>Se non viene specificata una data diversa nella conferma della prenotazione, il saldo dell&#8217;acconto per l&#8217;alloggio e gli altri servizi deve essere versato entro il giorno precedente l&#8217;inizio dei servizi. In caso di mancato rispetto del termine per il pagamento dell&#8217;acconto da parte dell&#8217;ospite, si ritiene che l&#8217;ospite abbia risolto il contratto in conformit\u00e0 alle disposizioni delle presenti CGC. Ci\u00f2 non vale se l&#8217;albergatore informa l&#8217;ospite del contrario. In caso di recesso dal contratto, il cliente ha diritto al rimborso della caparra. Il diritto al pagamento dell&#8217;acconto sar\u00e0 compensato con l&#8217;obbligo del Cliente di pagare la tassa di annullamento ai sensi dell&#8217;Art. VIII para. 3 di questi GTC.<\/p>\n<p>Nel caso in cui l&#8217;importo della caparra versata non sia sufficiente a coprire le spese di annullamento, il cliente \u00e8 tenuto a trasferire l&#8217;importo dovuto sul conto bancario dell&#8217;albergatore senza indugio dopo il recesso dal contratto.<\/p>\n<p>Nel caso in cui l&#8217;alloggio non venga pagato in anticipo, l&#8217;obbligo di prestazione dei servizi da parte dell&#8217;albergatore \u00e8 subordinato al pagamento dell&#8217;importo totale dell&#8217;alloggio, come previsto dall&#8217;articolo. I. para. 3 a) delle presenti CGC.<\/p>\n<p>Quando si prenota online, il pagamento viene effettuato per intero senza contanti.<\/p>\n<p>L&#8217;ospite ha il diritto di pagare il prezzo concordato o la caparra nei seguenti modi:<\/p>\n<p>1. tramite bonifico bancario sul conto dell&#8217;albergatore 5403811329\/0800;<br \/>2. in contanti alla reception dell&#8217;hotel;<br \/>3. sotto forma di buoni regalo e di sconto, carte club e altri mezzi che l&#8217;albergatore si \u00e8 impegnato ad accettare;<br \/>4. il saldo del prezzo viene versato al pi\u00f9 tardi l&#8217;ultimo giorno di soggiorno.<\/p>\n<h3>6) Buoni regalo<\/h3>\n<p>Tra l&#8217;albergatore e il cliente pu\u00f2 essere stipulato un contratto, il cui oggetto \u00e8 l&#8217;obbligo dell&#8217;albergatore di rilasciare al cliente un buono regalo per l&#8217;alloggio e altri servizi correlati all&#8217;alloggio e l&#8217;obbligo del cliente di pagare il prezzo concordato per il buono regalo. Il buono regalo pu\u00f2 essere ceduto dal cliente a terzi.<\/p>\n<p>Per usufruire dei servizi dell&#8217;hotel, il titolare del buono regalo deve presentare il buono regalo in forma fisica.<\/p>\n<p>Alla presentazione del buono regalo, l&#8217;albergatore fornir\u00e0 i servizi specifici specificati nel buono (buono di servizio) o i servizi del valore indicato sul buono, oppure il valore del buono sar\u00e0 detratto dal prezzo totale dei servizi ordinati dal titolare del buono (buono nominale).<br \/>Il buono pu\u00f2 essere riscosso solo presso la struttura ricettiva.<\/p>\n<p>I voucher possono essere acquistati senza contanti sul sito web https:\/\/www.uzlateholva.cz\/ o di persona in contanti o con carta alla reception dell&#8217;hotel.<\/p>\n<p>Il buono regalo \u00e8 valido solo per il periodo di tempo indicato sul buono stesso. Il titolare del voucher non ha diritto a ricevere servizi dopo la data indicata sul voucher.<\/p>\n<p>Il buono regalo non pu\u00f2 essere restituito e il prezzo di acquisto non pu\u00f2 essere rimborsato.<\/p>\n<p>Il buono pu\u00f2 essere utilizzato una sola volta, nell&#8217;ambito di un unico ordine. Il buono nominale pu\u00f2 essere utilizzato anche in modo parziale e graduale.<\/p>\n<p>Le disposizioni del presente articolo non si applicano a buoni regalo, sconti o simili, carte o servizi di terzi, che possono essere riscossi anche presso l&#8217;albergatore. Il loro utilizzo \u00e8 soggetto ai termini e alle condizioni concordate tra l&#8217;emittente e l&#8217;albergatore.<\/p>\n<h3>7) Servizi di alloggio<\/h3>\n<p>Al momento del check-in, gli ospiti devono presentare alla reception dell&#8217;hotel la carta d&#8217;identit\u00e0, il passaporto o un altro documento di riconoscimento. Dopo aver espletato queste formalit\u00e0, la reception dell&#8217;hotel effettuer\u00e0 il check-in e fornir\u00e0 ulteriori informazioni sul soggiorno.<\/p>\n<p>Per ulteriori informazioni sulla sistemazione in hotel, si prega di consultare il regolamento di soggiorno dell&#8217;hotel e le altre norme interne dell&#8217;hotel.<\/p>\n<p>L&#8217;albergatore non gestisce un parcheggio custodito e non \u00e8 responsabile per i danni causati ai veicoli e agli oggetti lasciati in essi, n\u00e9 per gli animali vivi, a meno che l&#8217;albergatore non dichiari per iscritto di aver preso in custodia tali oggetti o animali.<\/p>\n<h3>8) Risoluzione del contratto, spese di annullamento<\/h3>\n<p>L&#8217;ospite\/cliente pu\u00f2 recedere dal contratto a causa di una violazione sostanziale degli obblighi dell&#8217;albergatore previsti dalla legge o dalle presenti CGC.<\/p>\n<p>Il cliente ha il diritto di recedere dal contratto in qualsiasi momento prima dell&#8217;inizio dell&#8217;alloggio, verbalmente o per iscritto, senza preavviso e senza fornire alcuna motivazione.<\/p>\n<p>In caso di risoluzione del contratto senza preavviso, il cliente \u00e8 tenuto a versare all&#8217;albergatore una tassa di cancellazione alle seguenti condizioni:<\/p>\n<p>In caso di cancellazione:<\/p>\n<p>1. Pi\u00f9 di 3 giorni prima dell&#8217;arrivo \/ 0% del prezzo;<br \/>2. 3-0 giorni \/ 100% del prezzo del soggiorno;<br \/>3. La tassa di cancellazione \u00e8 comprensiva di IVA.<\/p>\n<p>Ai fini del calcolo della penale, il numero di giorni rimanenti fino alla data di arrivo comprende il giorno in cui la notifica \u00e8 stata consegnata all&#8217;albergatore, ma non il giorno di arrivo.<\/p>\n<p>In caso di risoluzione del contratto da parte del cliente, l&#8217;albergatore \u00e8 tenuto a restituire la caparra versata per il soggiorno entro 30 giorni dalla data di consegna della comunicazione. Se l&#8217;albergatore ha diritto a spese di cancellazione, l&#8217;albergatore pagher\u00e0 la differenza tra la caparra gi\u00e0 versata e le relative spese di cancellazione.<\/p>\n<p>Se l&#8217;ospite non soggiorna presso l&#8217;hotel senza aver risolto il contratto ai sensi del par. 2 del presente articolo, l&#8217;albergatore perder\u00e0 il diritto al rimborso di qualsiasi prestazione finanziaria fornita all&#8217;albergatore.<\/p>\n<p>Il locatore ha il diritto di recedere dal contratto senza preavviso se la persona ospitata viola in modo grave gli obblighi previsti dal contratto, dalle presenti CG, dal regolamento di alloggio o se viola i buoni costumi. Il diritto dell&#8217;albergatore al pagamento del prezzo totale dell&#8217;alloggio non viene meno.<\/p>\n<p>L&#8217;albergatore ha inoltre il diritto di recedere dal contratto per motivi tecnici o di forza maggiore che oggettivamente non consentono all&#8217;albergatore di ospitare l&#8217;ospite.<\/p>\n<h3>9) Risoluzione extragiudiziale delle controversie dei consumatori<\/h3>\n<p>Nel caso in cui sorga una controversia tra noi e il consumatore nell&#8217;ambito di un contratto di vendita o di fornitura di servizi, che non possa essere risolta di comune accordo, il consumatore pu\u00f2 presentare una proposta di risoluzione extragiudiziale di tale controversia all&#8217;organismo designato per la risoluzione extragiudiziale delle controversie in materia di consumo, che \u00e8:<br \/>Autorit\u00e0 ceca di ispezione del commercio<br \/>Ispettorato centrale &#8211; Dipartimento ADR<br \/>Stepanska 44<br \/>110 00 Praga 1<br \/>Email: adr@coi.cz<br \/>Sito web: adr.coi.cz<\/p>\n<h3>10) Disposizioni finali<\/h3>\n<p>Modifiche e integrazioni alle presenti CGC possono essere regolate individualmente tra l&#8217;albergatore e la persona ospitata in un contratto di alloggio scritto.<\/p>\n<p>L&#8217;albergatore si riserva il diritto di cambiare e modificare le presenti CGC. L&#8217;albergatore deve informare l&#8217;alloggiato e il cliente di eventuali modifiche.<\/p>\n<p>Le presenti CGC sono considerate parte integrante di ogni contratto di alloggio stipulato individualmente ai sensi del \u00a7 1751 CC e il loro testo integrale \u00e8 pubblicato dall&#8217;albergatore sul sito web dell&#8217;hotel.<\/p>\n<p>In caso di conflitto tra le versioni linguistiche delle presenti CGV, prevarranno le CGV in lingua ceca.<\/p>\n<p>Le presenti CGV entrano in vigore il 1. 10. 2018<\/p>\n\t\t\t\t\t\t\t\t<\/div>\n\t\t\t\t<\/div>\n\t\t\t\t\t<\/div>\n\t\t\t\t<\/div>\n\t\t\t\t<\/div>\n\t\t","protected":false},"excerpt":{"rendered":"<p>Le presenti Condizioni Generali di Contratto dell&#8217;Hotel U Zlat\u00e9ho lva, all&#8217;indirizzo Havl\u00ed\u010dkovo n\u00e1m\u011bst\u00ed 176, 580 01 Havl\u00ed\u010dk\u016fv Brod (di seguito&#8230; <span class=\"knsl-el-more\"><a href=\"https:\/\/www.uzlateholva.cz\/it\/termini-e-condizioni-generali\/\" class=\"knsl-btn\">Read more<span class=\"screen-reader-text\">Read more&nbsp;Termini e condizioni generali<\/span><\/a><\/span><\/p>\n","protected":false},"author":1,"featured_media":0,"parent":0,"menu_order":0,"comment_status":"closed","ping_status":"closed","template":"","meta":{"_acf_changed":false,"footnotes":""},"class_list":["post-14439","page","type-page","status-publish","hentry"],"acf":[],"aioseo_notices":[],"_links":{"self":[{"href":"https:\/\/www.uzlateholva.cz\/it\/wp-json\/wp\/v2\/pages\/14439","targetHints":{"allow":["GET"]}}],"collection":[{"href":"https:\/\/www.uzlateholva.cz\/it\/wp-json\/wp\/v2\/pages"}],"about":[{"href":"https:\/\/www.uzlateholva.cz\/it\/wp-json\/wp\/v2\/types\/page"}],"author":[{"embeddable":true,"href":"https:\/\/www.uzlateholva.cz\/it\/wp-json\/wp\/v2\/users\/1"}],"replies":[{"embeddable":true,"href":"https:\/\/www.uzlateholva.cz\/it\/wp-json\/wp\/v2\/comments?post=14439"}],"version-history":[{"count":0,"href":"https:\/\/www.uzlateholva.cz\/it\/wp-json\/wp\/v2\/pages\/14439\/revisions"}],"wp:attachment":[{"href":"https:\/\/www.uzlateholva.cz\/it\/wp-json\/wp\/v2\/media?parent=14439"}],"curies":[{"name":"wp","href":"https:\/\/api.w.org\/{rel}","templated":true}]}}