{"id":14406,"date":"2021-08-24T00:16:57","date_gmt":"2021-08-23T23:16:57","guid":{"rendered":"https:\/\/www.uzlateholva.cz\/transakcja-nie-powiodla-sie\/"},"modified":"2024-04-03T15:04:54","modified_gmt":"2024-04-03T14:04:54","slug":"transakcja-nie-powiodla-sie","status":"publish","type":"page","link":"https:\/\/www.uzlateholva.cz\/pl\/potwierdzenie-rezerwacji\/transakcja-nie-powiodla-sie\/","title":{"rendered":"Transakcja nie powiod\u0142a si\u0119"},"content":{"rendered":"<p>Niestety w tym momencie transakcja nie mo\u017ce zosta\u0107 sfinalizowana. Spr\u00f3buj ponownie lub skontaktuj si\u0119 z nami.<\/p>\n","protected":false},"excerpt":{"rendered":"<p>Niestety w tym momencie transakcja nie mo\u017ce zosta\u0107 sfinalizowana. Spr\u00f3buj ponownie lub skontaktuj si\u0119 z nami.<\/p>\n","protected":false},"author":1,"featured_media":0,"parent":14423,"menu_order":0,"comment_status":"closed","ping_status":"closed","template":"","meta":{"_acf_changed":false,"footnotes":""},"class_list":["post-14406","page","type-page","status-publish","hentry"],"acf":[],"aioseo_notices":[],"_links":{"self":[{"href":"https:\/\/www.uzlateholva.cz\/pl\/wp-json\/wp\/v2\/pages\/14406","targetHints":{"allow":["GET"]}}],"collection":[{"href":"https:\/\/www.uzlateholva.cz\/pl\/wp-json\/wp\/v2\/pages"}],"about":[{"href":"https:\/\/www.uzlateholva.cz\/pl\/wp-json\/wp\/v2\/types\/page"}],"author":[{"embeddable":true,"href":"https:\/\/www.uzlateholva.cz\/pl\/wp-json\/wp\/v2\/users\/1"}],"replies":[{"embeddable":true,"href":"https:\/\/www.uzlateholva.cz\/pl\/wp-json\/wp\/v2\/comments?post=14406"}],"version-history":[{"count":0,"href":"https:\/\/www.uzlateholva.cz\/pl\/wp-json\/wp\/v2\/pages\/14406\/revisions"}],"up":[{"embeddable":true,"href":"https:\/\/www.uzlateholva.cz\/pl\/wp-json\/wp\/v2\/pages\/14423"}],"wp:attachment":[{"href":"https:\/\/www.uzlateholva.cz\/pl\/wp-json\/wp\/v2\/media?parent=14406"}],"curies":[{"name":"wp","href":"https:\/\/api.w.org\/{rel}","templated":true}]}}