{"id":14449,"date":"2021-08-19T01:12:00","date_gmt":"2021-08-19T00:12:00","guid":{"rendered":"https:\/\/www.uzlateholva.cz\/ochrona-danych-osobowych\/"},"modified":"2024-04-03T15:38:00","modified_gmt":"2024-04-03T14:38:00","slug":"ochrona-danych-osobowych","status":"publish","type":"page","link":"https:\/\/www.uzlateholva.cz\/pl\/ochrona-danych-osobowych\/","title":{"rendered":"Ochrona danych osobowych"},"content":{"rendered":"\t\t<div data-elementor-type=\"wp-page\" data-elementor-id=\"14449\" class=\"elementor elementor-14449 elementor-3435\">\n\t\t\t\t<div class=\"elementor-element elementor-element-4c5a3a91 e-flex e-con-boxed e-con e-parent\" data-id=\"4c5a3a91\" data-element_type=\"container\" data-e-type=\"container\">\n\t\t\t\t\t<div class=\"e-con-inner\">\n\t\t\t\t<div class=\"elementor-element elementor-element-125e1cc0 elementor-widget elementor-widget-text-editor\" data-id=\"125e1cc0\" data-element_type=\"widget\" data-e-type=\"widget\" data-widget_type=\"text-editor.default\">\n\t\t\t\t<div class=\"elementor-widget-container\">\n\t\t\t\t\t\t\t\t\t\n<h3>INFORMACJE NA TEMAT PRZETWARZANIA I OCHRONY DANYCH OSOBOWYCH<\/h3>\n<p><span class=\"s1\">Ze skutkiem od dnia 25. Od maja 2018 r. przetwarzanie danych osobowych klient\u00f3w Hotelu U Zlat\u00e9ho lva podlega Rozporz\u0105dzeniu Parlamentu Europejskiego i Rady (UE) 2016\/679 z dnia 27. kwietnia 2016 r. w sprawie ochrony os\u00f3b fizycznych w zwi\u0105zku z przetwarzaniem danych osobowych i w sprawie swobodnego przep\u0142ywu takich danych oraz uchylenia dyrektywy 95\/46\/WE (og\u00f3lne rozporz\u0105dzenie o ochronie danych),  <\/span><strong><span class=\"s2\">nazwany. RODO<\/span><\/strong><span class=\"s1\">. W tym kontek\u015bcie przekazujemy nast\u0119puj\u0105ce informacje na temat przetwarzania i ochrony danych osobowych.<\/span><\/p>\n<p> <\/p>\n\n<h3>Administrator danych osobowych<\/h3>\n\n<p>Administratorem danych osobowych klient\u00f3w Hotelu U Zlat\u00e9ho lva, pod adresem Havl\u00ed\u010dkovo n\u00e1m\u011bst\u00ed 176, 580 01 Havl\u00ed\u010dk\u016fv Brod (zwanego dalej Hotelem) jest sp\u00f3\u0142ka Petrkov, s.r.o., ID No.: 07213107, z siedzib\u0105 pod adresem Havl\u00ed\u010dkovo n\u00e1m\u011bst\u00ed 176, 580 01 Havl\u00ed\u010dk\u016fv Brod, zarejestrowana w Rejestrze Handlowym S\u0105du Okr\u0119gowego w Hradec Kr\u00e1lov\u00e9, sekcja C, Insert 41945 (zwana dalej Administratorem), kt\u00f3ra jest operatorem Hotelu.<\/p>\n<p> <\/p>\n\n<h3>Jakie dane osobowe przetwarzamy<\/h3>\n\n<p>Przetwarzane przez nas dane osobowe klient\u00f3w Hotelu, kt\u00f3rych zakres r\u00f3\u017cni si\u0119 w zale\u017cno\u015bci od rodzaju i zakresu \u015bwiadczonych us\u0142ug, obejmuj\u0105:<\/p>\n<ul style=\"list-style-type: disc;\">\n<li style=\"list-style-type: none;\">\n<ul style=\"list-style-type: disc;\">\n<li style=\"list-style-type: none;\">\n<ul>\n<li>imi\u0119 i nazwisko, tytu\u0142<\/li>\n<li>data urodzenia<\/li>\n<li>narodowo\u015b\u0107<\/li>\n<li>adres zamieszkania<\/li>\n<li>numer dokumentu podr\u00f3\u017cy<\/li>\n<li>numer wizy, je\u015bli jest podany w dokumencie podr\u00f3\u017cy<\/li>\n<li>d\u0142ugo\u015b\u0107 pobytu<\/li>\n<li>Cel pobytu w Republice Czeskiej<\/li>\n<li>e-mail<\/li>\n<li>numer telefonu<\/li>\n<li>typ, numer i data wa\u017cno\u015bci karty p\u0142atniczej<\/li>\n<li>numer rejestracyjny pojazdu silnikowego<\/li>\n<li>Nagrania z kamer przemys\u0142owych<\/li>\n<li>inne dane, je\u017celi jest to konieczne w zwi\u0105zku ze \u015bwiadczeniem us\u0142ug przez Administratora.<\/li>\n<\/ul>\n<\/li>\n<\/ul>\n<\/li>\n<\/ul>\n<p>Uzyskujemy dane osobowe bezpo\u015brednio od klient\u00f3w lub agent\u00f3w zakwaterowania podczas zawierania umowy rezerwacji zakwaterowania. umowa o zakwaterowanie i w trakcie trwania stosunku umownego. Podanie danych osobowych jest dobrowolne. Je\u015bli klient nie przeka\u017ce nam swoich danych osobowych, zawarcie umowy o rezerwacj\u0119 zakwaterowania nie b\u0119dzie mo\u017cliwe. umowa zakwaterowania.<\/p>\n<p>Przetwarzanie danych osobowych klient\u00f3w Hotelu nie podlega zautomatyzowanemu podejmowaniu decyzji.<\/p>\n<p>W celu zapewnienia bezpiecze\u0144stwa i poufno\u015bci danych osobowych, co jest dla nas niezwykle wa\u017cne, stosujemy \u015brodki techniczne i organizacyjne w celu ochrony przed nieuprawnionym dost\u0119pem do danych osobowych i ich niew\u0142a\u015bciwym wykorzystaniem, w tym zapewniamy wystarczaj\u0105ce bezpiecze\u0144stwo system\u00f3w informatycznych. Wszystkie \u015brodki s\u0105 regularnie oceniane i aktualizowane.<\/p>\n<p> <\/p>\n<ul style=\"list-style-type: disc;\">\n<li style=\"list-style-type: none;\">\n<ul style=\"list-style-type: disc;\"><\/ul>\n<\/li>\n<\/ul>\n<h3>Cel przetwarzania i podstawa prawna przetwarzania danych osobowych<\/h3>\n<h3>Przetwarzamy dane osobowe klient\u00f3w Hotelu w celach:<\/h3>\n<ul style=\"list-style-type: disc;\">\n<li style=\"list-style-type: none;\">\n<ul style=\"list-style-type: disc;\">\n<li style=\"list-style-type: none;\">\n<ul>\n<li>\u015bwiadczenie us\u0142ug na podstawie zawartej umowy rezerwacji zakwaterowania, resp. umowy o zakwaterowanie w Hotelu, tj. w szczeg\u00f3lno\u015bci w celu zawarcia umowy, zarz\u0105dzania stosunkiem umownym i komunikacji z klientem. W tym przypadku podstaw\u0105 prawn\u0105, kt\u00f3ra pozwala nam przetwarza\u0107 dane osobowe klient\u00f3w, jest to, \u017ce przetwarzanie danych osobowych jest niezb\u0119dne do cel\u00f3w zawarcia lub wykonania umowy z klientami.<\/li>\n<li>wype\u0142nienie zobowi\u0105za\u0144 prawnych, tj. w szczeg\u00f3lno\u015bci do cel\u00f3w prowadzenia rejestru dom\u00f3w i powiadamiania o zakwaterowaniu cudzoziemca w rozumieniu przepis\u00f3w reguluj\u0105cych pobyt cudzoziemc\u00f3w w Republice Czeskiej. Podstawa prawna, kt\u00f3ra pozwala nam przetwarza\u0107 dane osobowe w tym przypadku, wynika z faktu, \u017ce przetwarzanie danych osobowych klient\u00f3w jest niezb\u0119dne do wype\u0142nienia obowi\u0105zku prawnego, kt\u00f3remu podlegamy jako administrator danych.<\/li>\n<li>ochrony prawnie uzasadnionych interes\u00f3w Administratora i Hotelu, tj. w szczeg\u00f3lno\u015bci w celu oceny, wykonania i egzekwowania roszcze\u0144 prawnych, ochrony praw, w\u0142asno\u015bci lub bezpiecze\u0144stwa Administratora, Hotelu, ich innych klient\u00f3w lub innych os\u00f3b. Podstaw\u0105 prawn\u0105, kt\u00f3ra pozwala nam przetwarza\u0107 dane osobowe, jest w tym przypadku fakt, \u017ce przetwarzanie danych osobowych jest niezb\u0119dne do cel\u00f3w ochrony uzasadnionych interes\u00f3w Administratora jako administratora danych osobowych.<\/li>\n<li>marketing i wysy\u0142anie komunikat\u00f3w marketingowych oraz ofert handlowych lub kwestionariuszy poprawy jako\u015bci us\u0142ug &#8211; je\u015bli klient wyrazi\u0142 zgod\u0119 na marketing bezpo\u015bredni. Podstaw\u0105 prawn\u0105 umo\u017cliwiaj\u0105c\u0105 nam przetwarzanie danych osobowych w tym przypadku jest fakt, \u017ce klient udzieli\u0142 nam odwo\u0142alnej zgody na przetwarzanie danych osobowych w tym celu.<\/li>\n<\/ul>\n<\/li>\n<\/ul>\n<\/li>\n<\/ul>\n<h2> <\/h2>\n<h3>Odbiorcy, kt\u00f3rym mo\u017cemy ujawni\u0107 dane osobowe klient\u00f3w<\/h3>\n<ul style=\"list-style-type: disc;\">\n<li style=\"list-style-type: none;\">\n<ul style=\"list-style-type: disc;\"><\/ul>\n<\/li>\n<\/ul>\n<p>W celu zapewnienia prawid\u0142owego funkcjonowania Hotelu, \u015bwiadczenia us\u0142ug i wype\u0142niania naszych zobowi\u0105za\u0144 umownych, korzystamy z profesjonalnych i specjalistycznych us\u0142ug innych podmiot\u00f3w, np. dostawcom us\u0142ug gastronomicznych, us\u0142ug IT, ksi\u0119gowym, audytorom i innym podmiotom, kt\u00f3re \u015bwiadcz\u0105 swoje us\u0142ugi w celu zapewnienia funkcjonowania Hotelu. W zakresie, w jakim podmioty te przetwarzaj\u0105 dane osobowe klient\u00f3w Hotelu przekazane im przez Administratora, maj\u0105 one status podmiot\u00f3w przetwarzaj\u0105cych dane osobowe i przetwarzaj\u0105 je wy\u0142\u0105cznie na polecenie Administratora i nie mog\u0105 ich wykorzystywa\u0107 w inny spos\u00f3b. Ka\u017cdy taki podmiot ma \u015bcis\u0142e obowi\u0105zki w zakresie ochrony i zabezpieczenia danych osobowych.<\/p>\n<h2> <\/h2>\n<h3>Okres, przez kt\u00f3ry b\u0119dziemy przetwarza\u0107 dane osobowe<\/h3>\n<ul style=\"list-style-type: disc;\">\n<li style=\"list-style-type: none;\">\n<ul style=\"list-style-type: disc;\"><\/ul>\n<\/li>\n<\/ul>\n<p>Przechowujemy dane osobowe klient\u00f3w tylko przez okres, w kt\u00f3rym trwa kt\u00f3rykolwiek z powy\u017cszych cel\u00f3w przetwarzania, tj. w szczeg\u00f3lno\u015bci przez okres obowi\u0105zywania umowy oraz przez okres obowi\u0105zywania zgody klienta na przetwarzanie danych osobowych. Po rozwi\u0105zaniu umowy lub po wycofaniu zgody klienta przechowujemy dane osobowe wy\u0142\u0105cznie przez okres i na warunkach wymaganych przez prawo zgodnie z og\u00f3lnymi okresami przedawnienia, archiwizacji i niszczenia.<\/p>\n<ul style=\"list-style-type: disc;\">\n<li style=\"list-style-type: none;\">\n<ul style=\"list-style-type: disc;\"><\/ul>\n<\/li>\n<\/ul>\n<p> <\/p>\n<h3>Korzystanie z plik\u00f3w cookie<\/h3>\n<p>Pliki cookie to pliki tekstowe zawieraj\u0105ce niewielkie ilo\u015bci informacji, kt\u00f3re s\u0105 pobierane na urz\u0105dzenie u\u017cytkownika podczas odwiedzania naszej witryny internetowej. Pliki cookie s\u0105 nast\u0119pnie przesy\u0142ane z powrotem do witryny lub innej witryny, kt\u00f3ra je rozpoznaje przy ka\u017cdej kolejnej wizycie.<\/p>\n<p>Pliki cookie wykonuj\u0105 r\u00f3\u017cne zadania, takie jak umo\u017cliwienie sprawnego poruszania si\u0119 mi\u0119dzy witrynami, zapami\u0119tywanie preferencji u\u017cytkownika i og\u00f3lna poprawa komfortu u\u017cytkowania. Mog\u0105 r\u00f3wnie\u017c zapewni\u0107, \u017ce reklamy, kt\u00f3re widzisz online, s\u0105 lepiej dostosowane do Twojej osobowo\u015bci i zainteresowa\u0144.<\/p>\n<p>Na stronie internetowej wykorzystujemy nast\u0119puj\u0105ce pliki cookie:<\/p>\n<ul>\n<li>\n<p><strong>Niezb\u0119dne pliki cookie<\/strong>: s\u0105 one wymagane do dzia\u0142ania witryny, na przyk\u0142ad w celu umo\u017cliwienia logowania si\u0119 do bezpiecznych obszar\u00f3w witryny i innych podstawowych funkcji witryny. Tej kategorii plik\u00f3w cookie nie mo\u017cna wy\u0142\u0105czy\u0107.<\/p>\n<\/li>\n<\/ul>\n<p>Wi\u0119cej informacji na temat plik\u00f3w cookie i aktualn\u0105 list\u0119 plik\u00f3w cookie mo\u017cna znale\u017a\u0107 w poszczeg\u00f3lnych przegl\u0105darkach internetowych, najcz\u0119\u015bciej w sekcji Narz\u0119dzia dla programist\u00f3w.<\/p>\n<p>Zgod\u0119 mo\u017cna wyrazi\u0107 za pomoc\u0105 pola wyboru zawartego w tak zwanym &#8220;formularzu zgody&#8221;. cookie bar. Mo\u017cesz r\u00f3wnie\u017c odrzuci\u0107 pliki cookie w ustawieniach przegl\u0105darki lub ustawi\u0107 korzystanie tylko z niekt\u00f3rych z nich.<\/p>\n<p>Wi\u0119cej informacji na temat zarz\u0105dzania plikami cookie w poszczeg\u00f3lnych przegl\u0105darkach mo\u017cna znale\u017a\u0107 pod nast\u0119puj\u0105cymi linkami:<\/p>\n<ul>\n<li>Internet Explorer &#8211; https:\/\/support.microsoft.com\/cs-cz\/help\/17442\/windows-internet-explorer-delete-manage-cookies<\/li>\n<li>Google Chrome &#8211; https:\/\/support.google.com\/chrome\/answer\/95647?co=GENIE.Platform%3DDesktop&amp;hl=cs<\/li>\n<li>Firefox &#8211; https:\/\/support.mozilla.org\/cs\/kb\/povoleni-zakazani-cookies<\/li>\n<li>Safari &#8211; https:\/\/support.apple.com\/cs-cz\/guide\/safari\/sfri11471\/mac<\/li>\n<li>Opera &#8211; https:\/\/help.opera.com\/cs\/latest\/security-and-privacy\/<\/li>\n<li>\n<p>Microsoft Edge &#8211; https:\/\/docs.microsoft.com\/cs-cz\/sccm\/compliance\/deploy-use\/browser-profiles<\/p>\n<h2> <\/h2>\n<\/li>\n<\/ul>\n<h3>Prawa klienta zwi\u0105zane z przetwarzaniem danych osobowych<\/h3>\n<ul style=\"list-style-type: disc;\">\n<li style=\"list-style-type: none;\">\n<ul style=\"list-style-type: disc;\"><\/ul>\n<\/li>\n<\/ul>\n<p>W zwi\u0105zku z przetwarzaniem danych osobowych klient posiada:<\/p>\n<ul style=\"list-style-type: disc;\">\n<li style=\"list-style-type: none;\">\n<ul style=\"list-style-type: disc;\">\n<li style=\"list-style-type: none;\">\n<ul>\n<li>prawo do bycia informowanym w zwi\u0119z\u0142y, jasny, przejrzysty i zrozumia\u0142y spos\u00f3b o tym, jak jego dane osobowe s\u0105 przetwarzane i jakie s\u0105 jego prawa w zwi\u0105zku z przetwarzaniem danych osobowych;<\/li>\n<li>prawo dost\u0119pu do danych osobowych, w tym prawo do uzyskania potwierdzenia, czy jego dane osobowe s\u0105 przetwarzane, oraz prawo do \u017c\u0105dania informacji o tym, jakie dane osobowe s\u0105 przetwarzane;<\/li>\n<li>prawo do sprostowania niedok\u0142adnych i niekompletnych danych osobowych<\/li>\n<li>prawo do usuni\u0119cia danych osobowych (tzw. &#8220;prawo do bycia zapomnianym&#8221;), je\u017celi:<\/li>\n<\/ul>\n<\/li>\n<\/ul>\n<\/li>\n<\/ul>\n<p>&#8211; dane osobowe nie s\u0105 ju\u017c niezb\u0119dne do cel\u00f3w, dla kt\u00f3rych zosta\u0142y zgromadzone lub przetworzone;<br>&#8211; klient wycofa\u0142 swoj\u0105 zgod\u0119 na przetwarzanie danych osobowych;<br>&#8211; Klient wni\u00f3s\u0142 sprzeciw wobec przetwarzania jego danych osobowych, a prawnie uzasadniony interes Administratora w dalszym przetwarzaniu jego danych osobowych nie ma w tym przypadku charakteru nadrz\u0119dnego lub Klient wni\u00f3s\u0142 sprzeciw wobec przetwarzania jego danych osobowych na potrzeby marketingu bezpo\u015bredniego;<br>&#8211; dane osobowe by\u0142y przetwarzane niezgodnie z prawem lub je\u015bli dane osobowe musz\u0105 zosta\u0107 usuni\u0119te na podstawie obowi\u0105zuj\u0105cego prawa;<\/p>\n<ul style=\"list-style-type: disc;\">\n<li style=\"list-style-type: none;\">\n<ul style=\"list-style-type: disc;\">\n<li style=\"list-style-type: none;\">\n<ul>\n<li>prawo do ograniczenia przetwarzania danych osobowych, je\u017celi:<\/li>\n<\/ul>\n<\/li>\n<\/ul>\n<\/li>\n<\/ul>\n<p>&#8211; zaprzecza dok\u0142adno\u015bci danych osobowych do czasu zweryfikowania ich dok\u0142adno\u015bci;<br>&#8211; przetwarzanie danych osobowych jest niezgodne z prawem, a klient \u017c\u0105da jedynie ograniczenia wykorzystania danych osobowych zamiast ich usuni\u0119cia;<\/p>\n<p>&#8211; Administrator nie potrzebuje ju\u017c danych osobowych klienta, ale klient potrzebuje ich do dochodzenia swoich roszcze\u0144 prawnych;<\/p>\n<p>&#8211; klient wni\u00f3s\u0142 sprzeciw wobec przetwarzania danych osobowych na okres do czasu stwierdzenia, czy prawnie uzasadnione interesy Administratora s\u0105 nadrz\u0119dne wobec interes\u00f3w klienta.<\/p>\n<ul style=\"list-style-type: disc;\">\n<li style=\"list-style-type: none;\">\n<ul style=\"list-style-type: disc;\">\n<li style=\"list-style-type: none;\">\n<ul>\n<li>prawo do przenoszenia danych, w tym prawo klienta do uzyskania swoich danych osobowych oraz prawo klienta do podj\u0119cia decyzji o przekazaniu ich innemu us\u0142ugodawcy<br>(innemu administratorowi danych)<\/li>\n<li>prawo do wniesienia sprzeciwu wobec przetwarzania danych osobowych, je\u017celi s\u0105 one przetwarzane w celu ochrony prawnie uzasadnionych interes\u00f3w Administratora lub na potrzeby marketingu bezpo\u015bredniego<\/li>\n<li>prawo do wniesienia skargi do organu nadzorczego, kt\u00f3rym jest Urz\u0105d Ochrony Danych Osobowych, Pplk. Sochora 27, 170 00 Praga 7; www.uoou.cz<\/li>\n<\/ul>\n<\/li>\n<\/ul>\n<\/li>\n<\/ul>\n<p>W przypadku pyta\u0144 lub uwag dotycz\u0105cych przetwarzania danych osobowych lub je\u015bli klient chce skorzysta\u0107 ze swoich praw, o kt\u00f3rych mowa w punkcie VI., mo\u017ce to zrobi\u0107 pisemnie na adres Administratora, tj. Petrkov, s.r.o., nr identyfikacyjny: 07213107, z siedzib\u0105 pod adresem Havl\u00ed\u010dkovo n\u00e1m\u011bst\u00ed 176, 580 01 Havl\u00ed\u010dk\u016fv Brod lub drog\u0105 elektroniczn\u0105 na adres e-mail: hotel@uzlateholva.cz.<\/p>\n<ul style=\"list-style-type: disc;\"><\/ul>\t\t\t\t\t\t\t\t<\/div>\n\t\t\t\t<\/div>\n\t\t\t\t\t<\/div>\n\t\t\t\t<\/div>\n\t\t\t\t<\/div>\n\t\t","protected":false},"excerpt":{"rendered":"<p>INFORMACJE NA TEMAT PRZETWARZANIA I OCHRONY DANYCH OSOBOWYCH Ze skutkiem od dnia 25. Od maja 2018 r. przetwarzanie danych osobowych&#8230; <span class=\"knsl-el-more\"><a href=\"https:\/\/www.uzlateholva.cz\/pl\/ochrona-danych-osobowych\/\" class=\"knsl-btn\">Read more<span class=\"screen-reader-text\">Read more&nbsp;Ochrona danych osobowych<\/span><\/a><\/span><\/p>\n","protected":false},"author":1,"featured_media":0,"parent":0,"menu_order":0,"comment_status":"closed","ping_status":"closed","template":"","meta":{"_acf_changed":false,"footnotes":""},"class_list":["post-14449","page","type-page","status-publish","hentry"],"acf":[],"aioseo_notices":[],"_links":{"self":[{"href":"https:\/\/www.uzlateholva.cz\/pl\/wp-json\/wp\/v2\/pages\/14449","targetHints":{"allow":["GET"]}}],"collection":[{"href":"https:\/\/www.uzlateholva.cz\/pl\/wp-json\/wp\/v2\/pages"}],"about":[{"href":"https:\/\/www.uzlateholva.cz\/pl\/wp-json\/wp\/v2\/types\/page"}],"author":[{"embeddable":true,"href":"https:\/\/www.uzlateholva.cz\/pl\/wp-json\/wp\/v2\/users\/1"}],"replies":[{"embeddable":true,"href":"https:\/\/www.uzlateholva.cz\/pl\/wp-json\/wp\/v2\/comments?post=14449"}],"version-history":[{"count":0,"href":"https:\/\/www.uzlateholva.cz\/pl\/wp-json\/wp\/v2\/pages\/14449\/revisions"}],"wp:attachment":[{"href":"https:\/\/www.uzlateholva.cz\/pl\/wp-json\/wp\/v2\/media?parent=14449"}],"curies":[{"name":"wp","href":"https:\/\/api.w.org\/{rel}","templated":true}]}}