{"id":14526,"date":"2021-08-24T00:16:57","date_gmt":"2021-08-23T23:16:57","guid":{"rendered":"https:\/\/www.uzlateholva.cz\/%d0%bf%d0%be%d1%88%d1%83%d0%ba-%d0%bd%d0%b0%d1%8f%d0%b2%d0%bd%d0%be%d1%81%d1%82%d1%96\/"},"modified":"2024-04-03T15:51:50","modified_gmt":"2024-04-03T14:51:50","slug":"%d0%bf%d0%be%d1%88%d1%83%d0%ba-%d0%bd%d0%b0%d1%8f%d0%b2%d0%bd%d0%be%d1%81%d1%82%d1%96","status":"publish","type":"page","link":"https:\/\/www.uzlateholva.cz\/uk\/%d0%bf%d0%be%d1%88%d1%83%d0%ba-%d0%bd%d0%b0%d1%8f%d0%b2%d0%bd%d0%be%d1%81%d1%82%d1%96\/","title":{"rendered":"\u041f\u043e\u0448\u0443\u043a \u043d\u0430\u044f\u0432\u043d\u043e\u0441\u0442\u0456"},"content":{"rendered":"\t\t<div data-elementor-type=\"wp-page\" data-elementor-id=\"14526\" class=\"elementor elementor-14526 elementor-3437\">\n\t\t\t\t<div class=\"elementor-element elementor-element-6f8f61d e-con-full e-flex e-con e-parent\" data-id=\"6f8f61d\" data-element_type=\"container\" data-e-type=\"container\">\n\t\t<div class=\"elementor-element elementor-element-fd16950 e-con-full e-flex e-con e-child\" data-id=\"fd16950\" data-element_type=\"container\" data-e-type=\"container\">\n\t\t<div class=\"elementor-element elementor-element-5debf76 e-con-full e-flex e-con e-child\" data-id=\"5debf76\" data-element_type=\"container\" data-e-type=\"container\">\n\t\t\t\t<div class=\"elementor-element elementor-element-92cb106 elementor-widget elementor-widget-kinsley-intro\" data-id=\"92cb106\" data-element_type=\"widget\" data-e-type=\"widget\" data-widget_type=\"kinsley-intro.default\">\n\t\t\t\t<div class=\"elementor-widget-container\">\n\t\t\t\t\t\n\t\t<!-- banner -->\n\t\t<section class=\"knsl-banner-simple knsl-transition-bottom knsl-banner-white\">\n\t\t\t\t\t\t\t\n\t\t\n\t\t\t\t\t\t<div class=\"knsl-cover-frame\">\n\t\t\t\t\t\t\t\t\t\t\t\t<div style=\"background-image: url('https:\/\/www.uzlateholva.cz\/wp-content\/uploads\/2024\/03\/Zlatylev_0047_1600.jpg');\" class=\"knsl-parallax knsl-banner-slide\"><\/div>\n\t\t\t\t\t\t\t\t\t\t\t\t\t\t\t\t\t\t\t<\/div>\n\t\t\t<div class=\"knsl-overlay\" style=\"opacity: 0.35;\"><\/div>\n\t\t\t\n\t\t\t\t\t\t<div class=\"container\"><div class=\"row\"><div class=\"col-lg-12\">\n\t\t\t\t\t\t<div class=\"knsl-center knsl-title-frame\">\n\t\t\t\t\t\t\t\t<h1 class=\"knsl-title--h knsl-mb-20 knsl-h1-inner\">\n\t\t\t\t\t<span >\n\t\t\t\t\t\t\u041f\u043e\u0448\u0443\u043a \u0432\u0456\u043b\u044c\u043d\u0438\u0445 \u043d\u043e\u043c\u0435\u0440\u0456\u0432\t\t\t\t\t<\/span>\n\t\t\t\t<\/h1>\n\t\t\t\t\t\t\t\t\t\t\t\t<ul class=\"knsl-breadcrumbs\"><li><a href=\"https:\/\/www.uzlateholva.cz\/uk\/\" title=\"Hotel U Zlat\u00e9ho lva\">Home<\/a><\/li><li class=\"tst-active\"><a><\/a><\/li><\/ul>\t\t\t<\/div>\n\t\t\t\t\t\t<\/div><\/div><\/div>\n\t\t\t\n\t\t<\/section>\n\t\t<!-- banner end -->\n\n\t\t\t\t\t\t<\/div>\n\t\t\t\t<\/div>\n\t\t\t\t<\/div>\n\t\t\t\t<\/div>\n\t\t<div class=\"elementor-element elementor-element-6f25f30 e-flex e-con-boxed e-con e-child\" data-id=\"6f25f30\" data-element_type=\"container\" data-e-type=\"container\">\n\t\t\t\t\t<div class=\"e-con-inner\">\n\t\t<div class=\"elementor-element elementor-element-eb3e850 e-con-full e-flex e-con e-child\" data-id=\"eb3e850\" data-element_type=\"container\" data-e-type=\"container\">\n\t\t\t\t<div class=\"elementor-element elementor-element-b441ae6 elementor-widget elementor-widget-kinsley-mphb-search-form\" data-id=\"b441ae6\" data-element_type=\"widget\" data-e-type=\"widget\" data-widget_type=\"kinsley-mphb-search-form.default\">\n\t\t\t\t<div class=\"elementor-widget-container\">\n\t\t\t\t\t\t\t\t\t<div class=\"mphb_sc_search-wrapper  knsl-book-form knsl-book-form-v\"><form method=\"GET\" class=\"mphb_sc_search-form\" action=\"https:\/\/www.uzlateholva.cz\/uk\/%d1%80%d0%b5%d0%b7%d1%83%d0%bb%d1%8c%d1%82%d0%b0%d1%82%d0%b8-%d0%bf%d0%be%d1%88%d1%83%d0%ba%d1%83\/\">\n\n\t<p class = \"mphb-required-fields-tip\">\n\t<small>\n\t\t\u041e\u0431\u043e\u0432\u2019\u044f\u0437\u043a\u043e\u0432\u0456 \u043f\u043e\u043b\u044f \u043f\u043e\u0437\u043d\u0430\u0447\u0435\u043d\u0456\t\t<abbr title=\"required\">*<\/abbr>\n\t<\/small>\n<\/p>\n\n\t<p class=\"mphb_sc_search-check-in-date\">\n\t\t<label for=\"mphb_check_in_date-mphb-search-form-69f5936609f97\">\n\t\t\t\u041f\u0440\u0438\u0431\u0443\u0442\u0442\u044f\t\t\t<abbr title=\"\u0424\u043e\u0440\u043c\u0430\u0442 dd\/mm\/yyyy\">*<\/abbr>\n\t\t<\/label>\n\t\t<br \/>\n\t\t<input\n\t\t\tid=\"mphb_check_in_date-mphb-search-form-69f5936609f97\"\n\t\t\tdata-datepick-group=\"mphb-search-form-69f5936609f97\"\n\t\t\tvalue=\"\"\n\t\t\tplaceholder=\"\u0414\u0430\u0442\u0430 \u043f\u0440\u0438\u0431\u0443\u0442\u0442\u044f\"\n\t\t\trequired=\"required\"\n\t\t\ttype=\"text\"\n\t\t\tname=\"mphb_check_in_date\"\n\t\t\tclass=\"mphb-datepick\"\n\t\t\tautocomplete=\"off\"\n\t\t\tinputmode=\"none\"\n\t\t\t\/>\n\t<\/p>\n\n\t<p class=\"mphb_sc_search-check-out-date\">\n\t\t<label for=\"mphb_check_out_date-mphb-search-form-69f5936609f97\">\n\t\t\t\u0412\u0438\u0457\u0437\u0434\t\t\t<abbr title=\"\u0424\u043e\u0440\u043c\u0430\u0442 dd\/mm\/yyyy\">*<\/abbr>\n\t\t<\/label>\n\t\t<br \/>\n\t\t<input\n\t\t\tid=\"mphb_check_out_date-mphb-search-form-69f5936609f97\"\n\t\t\tdata-datepick-group=\"mphb-search-form-69f5936609f97\"\n\t\t\tvalue=\"\"\n\t\t\tplaceholder=\"\u0414\u0430\u0442\u0430 \u0432\u0438\u0457\u0437\u0434\u0443\"\n\t\t\trequired=\"required\"\n\t\t\ttype=\"text\"\n\t\t\tname=\"mphb_check_out_date\"\n\t\t\tclass=\"mphb-datepick\"\n\t\t\tautocomplete=\"off\"\n\t\t\tinputmode=\"none\"\n\t\t\t\/>\n\t<\/p>\n\n\t\t\t<p class=\"mphb_sc_search-adults\">\n\t\t\t<label for=\"mphb_adults-mphb-search-form-69f5936609f97\">\n\t\t\t\t\u0414\u043e\u0440\u043e\u0441\u043b\u0456\t\t\t<\/label>\n\t\t\t<br \/>\n\t\t\t<select id=\"mphb_adults-mphb-search-form-69f5936609f97\" name=\"mphb_adults\" >\n\t\t\t\t\t\t\t\t\t<option value=\"1\"  selected='selected'>1<\/option>\n\t\t\t\t\t\t\t\t\t<option value=\"2\" >2<\/option>\n\t\t\t\t\t\t\t\t\t<option value=\"3\" >3<\/option>\n\t\t\t\t\t\t\t\t\t<option value=\"4\" >4<\/option>\n\t\t\t\t\t\t\t\t\t<option value=\"5\" >5<\/option>\n\t\t\t\t\t\t\t\t\t<option value=\"6\" >6<\/option>\n\t\t\t\t\t\t\t\t\t<option value=\"7\" >7<\/option>\n\t\t\t\t\t\t\t\t\t<option value=\"8\" >8<\/option>\n\t\t\t\t\t\t\t\t\t<option value=\"9\" >9<\/option>\n\t\t\t\t\t\t\t\t\t<option value=\"10\" >10<\/option>\n\t\t\t\t\t\t\t\t\t<option value=\"11\" >11<\/option>\n\t\t\t\t\t\t\t\t\t<option value=\"12\" >12<\/option>\n\t\t\t\t\t\t\t\t\t<option value=\"13\" >13<\/option>\n\t\t\t\t\t\t\t\t\t<option value=\"14\" >14<\/option>\n\t\t\t\t\t\t\t\t\t<option value=\"15\" >15<\/option>\n\t\t\t\t\t\t\t\t\t<option value=\"16\" >16<\/option>\n\t\t\t\t\t\t\t\t\t<option value=\"17\" >17<\/option>\n\t\t\t\t\t\t\t\t\t<option value=\"18\" >18<\/option>\n\t\t\t\t\t\t\t\t\t<option value=\"19\" >19<\/option>\n\t\t\t\t\t\t\t\t\t<option value=\"20\" >20<\/option>\n\t\t\t\t\t\t\t\t\t<option value=\"21\" >21<\/option>\n\t\t\t\t\t\t\t\t\t<option value=\"22\" >22<\/option>\n\t\t\t\t\t\t\t\t\t<option value=\"23\" >23<\/option>\n\t\t\t\t\t\t\t<\/select>\n\t\t<\/p>\n\t\n\t\t\t<p class=\"mphb_sc_search-children\">\n\t\t\t<label for=\"mphb_children-mphb-search-form-69f5936609f97\">\n\t\t\t\t\u0414\u0456\u0442\u0435\u0439 3&nbsp;-&nbsp;12\t\t\t<\/label>\n\t\t\t<br \/>\n\t\t\t<select id=\"mphb_children-mphb-search-form-69f5936609f97\" name=\"mphb_children\">\n\t\t\t\t\t\t\t\t\t<option value=\"0\"  selected='selected'>0<\/option>\n\t\t\t\t\t\t\t\t\t<option value=\"1\" >1<\/option>\n\t\t\t\t\t\t\t\t\t<option value=\"2\" >2<\/option>\n\t\t\t\t\t\t\t\t\t<option value=\"3\" >3<\/option>\n\t\t\t\t\t\t\t\t\t<option value=\"4\" >4<\/option>\n\t\t\t\t\t\t\t\t\t<option value=\"5\" >5<\/option>\n\t\t\t\t\t\t\t\t\t<option value=\"6\" >6<\/option>\n\t\t\t\t\t\t\t\t\t<option value=\"7\" >7<\/option>\n\t\t\t\t\t\t\t\t\t<option value=\"8\" >8<\/option>\n\t\t\t\t\t\t\t\t\t<option value=\"9\" >9<\/option>\n\t\t\t\t\t\t\t\t\t<option value=\"10\" >10<\/option>\n\t\t\t\t\t\t\t<\/select>\n\t\t<\/p>\n\t\n\t\n\t\n\t<input id=\"mphb_check_in_date-mphb-search-form-69f5936609f97-hidden\" value=\"\" type=\"hidden\" name=\"mphb_check_in_date\" \/><input id=\"mphb_check_out_date-mphb-search-form-69f5936609f97-hidden\" value=\"\" type=\"hidden\" name=\"mphb_check_out_date\" \/>\n\t<p class=\"mphb_sc_search-submit-button-wrapper\">\n\t\t<button type=\"submit\" class=\"button knsl-btn\">\u041f\u043e\u0448\u0443\u043a<\/button>\n\t<\/p>\n\n\t\n<\/form>\n<\/div>\t\t\t\t\t\t\t\t<\/div>\n\t\t\t\t<\/div>\n\t\t\t\t<\/div>\n\t\t\t\t\t<\/div>\n\t\t\t\t<\/div>\n\t\t\t\t<\/div>\n\t\t<div class=\"elementor-element elementor-element-19b9916 e-flex e-con-boxed e-con e-child\" data-id=\"19b9916\" data-element_type=\"container\" data-e-type=\"container\" data-settings=\"{&quot;background_background&quot;:&quot;classic&quot;}\">\n\t\t\t\t\t<div class=\"e-con-inner\">\n\t\t<div class=\"elementor-element elementor-element-4c8cd31 e-con-full e-flex e-con e-child\" data-id=\"4c8cd31\" data-element_type=\"container\" data-e-type=\"container\">\n\t\t\t\t<div class=\"elementor-element elementor-element-b2e071c elementor-widget elementor-widget-kinsley-section-heading-two\" data-id=\"b2e071c\" data-element_type=\"widget\" data-e-type=\"widget\" data-widget_type=\"kinsley-section-heading-two.default\">\n\t\t\t\t<div class=\"elementor-widget-container\">\n\t\t\t\t\t\n\t\t\t\t<div class=\"knsl-subtitle-two knsl-mb-20\">\n\t\t\t<span >\n\t\t\t\tKontaktujte n\u00e1s\t\t\t<\/span>\n\t\t<\/div>\n\t\t\t\t\t\t<h2 class=\"knsl-title-two knsl-mb-30\">\n\t\t\t<span >\n\t\t\t\tPerfektn\u00ed m\u00edsto <br>pro V\u00e1\u0161 pobyt\t\t\t<\/span>\n\t\t<\/h2>\n\t\t\t\t\t\t<div class=\"knsl-description-two\">\n\t\t\t<div >\n\t\t\t\tP\u0159ijm\u011bte pozv\u00e1n\u00ed do Hotelu U Zlat\u00e9ho lva. Nab\u00edz\u00edme ubytov\u00e1n\u00ed v historick\u00e9m centru m\u011bsta Havl\u00ed\u010dk\u016fv Brod v p\u016fli cesty mezi Prahou a Brnem.\nHotel U Zlat\u00e9ho lva nab\u00edz\u00ed p\u0159\u00edjemn\u00e9 ubytov\u00e1n\u00ed v jeden\u00e1cti pokoj\u00edch. Ka\u017ed\u00fd pokoj m\u00e1 vlastn\u00ed osobit\u00fd styl a jedine\u010dnou atmosf\u00e9ru.\t\t\t<\/div>\n\t\t<\/div>\n\t\t\n\t\t\t\t\t\t<\/div>\n\t\t\t\t<\/div>\n\t\t\t\t<div class=\"elementor-element elementor-element-5a8dc74 elementor-align-center elementor-mobile-align-center elementor-widget elementor-widget-button\" data-id=\"5a8dc74\" data-element_type=\"widget\" data-e-type=\"widget\" data-widget_type=\"button.default\">\n\t\t\t\t<div class=\"elementor-widget-container\">\n\t\t\t\t\t\t\t\t\t<div class=\"elementor-button-wrapper\">\n\t\t\t\t\t<a class=\"elementor-button elementor-button-link elementor-size-xl\" href=\"https:\/\/www.uzlateholva.cz\/uk\/%d0%ba%d1%96%d0%bc%d0%bd%d0%b0%d1%82%d0%b8\/\">\n\t\t\t\t\t\t<span class=\"elementor-button-content-wrapper\">\n\t\t\t\t\t\t\t\t\t<span class=\"elementor-button-text\">\u041f\u043e\u0433\u043b\u044f\u043d\u044c\u0442\u0435 \u043d\u0430 \u043d\u0430\u0448\u0456 \u043d\u043e\u043c\u0435\u0440\u0438<\/span>\n\t\t\t\t\t<\/span>\n\t\t\t\t\t<\/a>\n\t\t\t\t<\/div>\n\t\t\t\t\t\t\t\t<\/div>\n\t\t\t\t<\/div>\n\t\t\t\t<\/div>\n\t\t<div class=\"elementor-element elementor-element-d7b6107 e-con-full e-flex e-con e-child\" data-id=\"d7b6107\" data-element_type=\"container\" data-e-type=\"container\">\n\t\t<div class=\"elementor-element elementor-element-a13c7c5 e-con-full e-flex e-con e-child\" data-id=\"a13c7c5\" data-element_type=\"container\" data-e-type=\"container\">\n\t\t\t\t<div class=\"elementor-element elementor-element-c21d356 elementor-widget elementor-widget-heading\" data-id=\"c21d356\" data-element_type=\"widget\" data-e-type=\"widget\" data-widget_type=\"heading.default\">\n\t\t\t\t<div class=\"elementor-widget-container\">\n\t\t\t\t\t<div class=\"elementor-heading-title elementor-size-default\"><a href=\"\">569 420 276<\/a><\/div>\t\t\t\t<\/div>\n\t\t\t\t<\/div>\n\t\t\t\t<div class=\"elementor-element elementor-element-acab759 elementor-widget elementor-widget-heading\" data-id=\"acab759\" data-element_type=\"widget\" data-e-type=\"widget\" data-widget_type=\"heading.default\">\n\t\t\t\t<div class=\"elementor-widget-container\">\n\t\t\t\t\t<div class=\"elementor-heading-title elementor-size-default\">\u041e\u0431\u0441\u043b\u0443\u0433\u043e\u0432\u0443\u0432\u0430\u043d\u043d\u044f \u043a\u043b\u0456\u0454\u043d\u0442\u0456\u0432<\/div>\t\t\t\t<\/div>\n\t\t\t\t<\/div>\n\t\t\t\t<div class=\"elementor-element elementor-element-a7d4d79 elementor-widget elementor-widget-text-editor\" data-id=\"a7d4d79\" data-element_type=\"widget\" data-e-type=\"widget\" data-widget_type=\"text-editor.default\">\n\t\t\t\t<div class=\"elementor-widget-container\">\n\t\t\t\t\t\t\t\t\t<p>\u041d\u0430\u0448 \u0430\u0434\u043c\u0456\u043d\u0456\u0441\u0442\u0440\u0430\u0442\u043e\u0440 \u0434\u043e\u0441\u0442\u0443\u043f\u043d\u0438\u0439 24 \u0433\u043e\u0434\u0438\u043d\u0438 \u043d\u0430 \u0434\u043e\u0431\u0443, 7 \u0434\u043d\u0456\u0432 \u043d\u0430 \u0442\u0438\u0436\u0434\u0435\u043d\u044c, \u0449\u043e\u0431 \u0432\u0456\u0434\u043f\u043e\u0432\u0456\u0441\u0442\u0438 \u043d\u0430 \u0432\u0430\u0448\u0456 \u0437\u0430\u043f\u0438\u0442\u0430\u043d\u043d\u044f, \u0434\u043e\u043f\u043e\u043c\u043e\u0433\u0442\u0438 \u0432\u0430\u043c \u0437 \u0431\u0440\u043e\u043d\u044e\u0432\u0430\u043d\u043d\u044f\u043c \u0456 \u0437\u0430\u0431\u0435\u0437\u043f\u0435\u0447\u0438\u0442\u0438 \u0456\u0434\u0435\u0430\u043b\u044c\u043d\u0435 \u043f\u0435\u0440\u0435\u0431\u0443\u0432\u0430\u043d\u043d\u044f.<\/p>\n\t\t\t\t\t\t\t\t<\/div>\n\t\t\t\t<\/div>\n\t\t\t\t<\/div>\n\t\t<div class=\"elementor-element elementor-element-4c2c368 e-con-full e-flex e-con e-child\" data-id=\"4c2c368\" data-element_type=\"container\" data-e-type=\"container\">\n\t\t\t\t<div class=\"elementor-element elementor-element-1e3e9fe elementor-widget elementor-widget-heading\" data-id=\"1e3e9fe\" data-element_type=\"widget\" data-e-type=\"widget\" data-widget_type=\"heading.default\">\n\t\t\t\t<div class=\"elementor-widget-container\">\n\t\t\t\t\t<div class=\"elementor-heading-title elementor-size-default\">96%<\/div>\t\t\t\t<\/div>\n\t\t\t\t<\/div>\n\t\t\t\t<div class=\"elementor-element elementor-element-e333136 elementor-widget elementor-widget-heading\" data-id=\"e333136\" data-element_type=\"widget\" data-e-type=\"widget\" data-widget_type=\"heading.default\">\n\t\t\t\t<div class=\"elementor-widget-container\">\n\t\t\t\t\t<div class=\"elementor-heading-title elementor-size-default\">\u0412\u0456\u0434\u0433\u0443\u043a\u0438 \u043d\u0430\u0448\u0438\u0445 \u0433\u043e\u0441\u0442\u0435\u0439<\/div>\t\t\t\t<\/div>\n\t\t\t\t<\/div>\n\t\t\t\t<div class=\"elementor-element elementor-element-270d05b elementor-widget elementor-widget-text-editor\" data-id=\"270d05b\" data-element_type=\"widget\" data-e-type=\"widget\" data-widget_type=\"text-editor.default\">\n\t\t\t\t<div class=\"elementor-widget-container\">\n\t\t\t\t\t\t\t\t\t<p>\u041c\u0438 \u043f\u0438\u0448\u0430\u0454\u043c\u043e\u0441\u044f \u0432\u0438\u0441\u043e\u043a\u0438\u043c \u0440\u0456\u0432\u043d\u0435\u043c \u0437\u0430\u0434\u043e\u0432\u043e\u043b\u0435\u043d\u043e\u0441\u0442\u0456 \u043d\u0430\u0448\u0438\u0445 \u0433\u043e\u0441\u0442\u0435\u0439, \u0449\u043e \u0441\u0432\u0456\u0434\u0447\u0438\u0442\u044c \u043f\u0440\u043e \u043d\u0430\u0448 \u0432\u0456\u0434\u043c\u0456\u043d\u043d\u0438\u0439 \u0441\u0435\u0440\u0432\u0456\u0441. \u041f\u043e\u0434\u0438\u0432\u0456\u0442\u044c\u0441\u044f \u0432\u0456\u0434\u0433\u0443\u043a\u0438 \u043d\u0430 \u043f\u043e\u0440\u0442\u0430\u043b\u0430\u0445 \u0431\u0440\u043e\u043d\u044e\u0432\u0430\u043d\u043d\u044f.<\/p>\n\t\t\t\t\t\t\t\t<\/div>\n\t\t\t\t<\/div>\n\t\t\t\t<\/div>\n\t\t<div class=\"elementor-element elementor-element-ad70c0d e-con-full e-flex e-con e-child\" data-id=\"ad70c0d\" data-element_type=\"container\" data-e-type=\"container\">\n\t\t\t\t<div class=\"elementor-element elementor-element-162b073 elementor-widget elementor-widget-heading\" data-id=\"162b073\" data-element_type=\"widget\" data-e-type=\"widget\" data-widget_type=\"heading.default\">\n\t\t\t\t<div class=\"elementor-widget-container\">\n\t\t\t\t\t<div class=\"elementor-heading-title elementor-size-default\">\u041d\u0430\u0439\u043a\u0440\u0430\u0449\u0456 \u0446\u0456\u043d\u0438<\/div>\t\t\t\t<\/div>\n\t\t\t\t<\/div>\n\t\t\t\t<div class=\"elementor-element elementor-element-0bdfd96 elementor-widget elementor-widget-heading\" data-id=\"0bdfd96\" data-element_type=\"widget\" data-e-type=\"widget\" data-widget_type=\"heading.default\">\n\t\t\t\t<div class=\"elementor-widget-container\">\n\t\t\t\t\t<div class=\"elementor-heading-title elementor-size-default\">\u0411\u0440\u043e\u043d\u044e\u0439\u0442\u0435 \u0431\u0435\u0437\u043f\u043e\u0441\u0435\u0440\u0435\u0434\u043d\u044c\u043e<\/div>\t\t\t\t<\/div>\n\t\t\t\t<\/div>\n\t\t\t\t<div class=\"elementor-element elementor-element-c855c7a elementor-widget elementor-widget-text-editor\" data-id=\"c855c7a\" data-element_type=\"widget\" data-e-type=\"widget\" data-widget_type=\"text-editor.default\">\n\t\t\t\t<div class=\"elementor-widget-container\">\n\t\t\t\t\t\t\t\t\t<p>100% \u0433\u0430\u0440\u0430\u043d\u0442\u0456\u044f \u043d\u0430\u0439\u043d\u0438\u0436\u0447\u043e\u0457 \u0446\u0456\u043d\u0438<\/p>\n<p>\u0432\u0438\u0431\u0456\u0440 \u043a\u043e\u043d\u043a\u0440\u0435\u0442\u043d\u043e\u0433\u043e \u043f\u0440\u0438\u043c\u0456\u0449\u0435\u043d\u043d\u044f<\/p>\n<p>\u043a\u0440\u0430\u0449\u0456 \u043c\u043e\u0436\u043b\u0438\u0432\u043e\u0441\u0442\u0456 \u043e\u043f\u043b\u0430\u0442\u0438 \u0442\u0430 \u0431\u0440\u043e\u043d\u044e\u0432\u0430\u043d\u043d\u044f<\/p>\n\t\t\t\t\t\t\t\t<\/div>\n\t\t\t\t<\/div>\n\t\t\t\t<\/div>\n\t\t\t\t<\/div>\n\t\t\t\t\t<\/div>\n\t\t\t\t<\/div>\n\t\t\t\t<\/div>\n\t\t","protected":false},"excerpt":{"rendered":"<p>\u041f\u043e\u0448\u0443\u043a \u0432\u0456\u043b\u044c\u043d\u0438\u0445 \u043d\u043e\u043c\u0435\u0440\u0456\u0432 Home Povinn\u00e1 pole jsou ozna\u010dena * P\u0159\u00edjezd * Odjezd * Dosp\u011bl\u00ed 1234567891011121314151617181920212223 D\u011bti 3 a\u017e 12 let&#8230; <span class=\"knsl-el-more\"><a href=\"https:\/\/www.uzlateholva.cz\/uk\/%d0%bf%d0%be%d1%88%d1%83%d0%ba-%d0%bd%d0%b0%d1%8f%d0%b2%d0%bd%d0%be%d1%81%d1%82%d1%96\/\" class=\"knsl-btn\">Read more<span class=\"screen-reader-text\">Read more&nbsp;\u041f\u043e\u0448\u0443\u043a \u043d\u0430\u044f\u0432\u043d\u043e\u0441\u0442\u0456<\/span><\/a><\/span><\/p>\n","protected":false},"author":1,"featured_media":0,"parent":0,"menu_order":0,"comment_status":"closed","ping_status":"closed","template":"template-layout-builder.php","meta":{"_acf_changed":false,"footnotes":""},"class_list":["post-14526","page","type-page","status-publish","hentry"],"acf":[],"aioseo_notices":[],"_links":{"self":[{"href":"https:\/\/www.uzlateholva.cz\/uk\/wp-json\/wp\/v2\/pages\/14526","targetHints":{"allow":["GET"]}}],"collection":[{"href":"https:\/\/www.uzlateholva.cz\/uk\/wp-json\/wp\/v2\/pages"}],"about":[{"href":"https:\/\/www.uzlateholva.cz\/uk\/wp-json\/wp\/v2\/types\/page"}],"author":[{"embeddable":true,"href":"https:\/\/www.uzlateholva.cz\/uk\/wp-json\/wp\/v2\/users\/1"}],"replies":[{"embeddable":true,"href":"https:\/\/www.uzlateholva.cz\/uk\/wp-json\/wp\/v2\/comments?post=14526"}],"version-history":[{"count":0,"href":"https:\/\/www.uzlateholva.cz\/uk\/wp-json\/wp\/v2\/pages\/14526\/revisions"}],"wp:attachment":[{"href":"https:\/\/www.uzlateholva.cz\/uk\/wp-json\/wp\/v2\/media?parent=14526"}],"curies":[{"name":"wp","href":"https:\/\/api.w.org\/{rel}","templated":true}]}}